{"id":12785,"date":"2026-03-23T16:00:22","date_gmt":"2026-03-23T16:00:22","guid":{"rendered":"https:\/\/pasqualarnella.com\/aviso-legal\/"},"modified":"2026-03-23T16:05:30","modified_gmt":"2026-03-23T16:05:30","slug":"aviso-legal","status":"publish","type":"page","link":"https:\/\/pasqualarnella.com\/es\/aviso-legal\/","title":{"rendered":"Aviso legal"},"content":{"rendered":"\t\t<div data-elementor-type=\"wp-page\" data-elementor-id=\"12785\" class=\"elementor elementor-12785 elementor-12760\" data-elementor-post-type=\"page\">\n\t\t\t\t<div class=\"elementor-element elementor-element-fbfa167 e-flex e-con-boxed e-con e-parent\" data-id=\"fbfa167\" data-element_type=\"container\" data-e-type=\"container\" data-settings=\"{&quot;jet_parallax_layout_list&quot;:[]}\">\n\t\t\t\t\t<div class=\"e-con-inner\">\n\t\t\t\t<div class=\"elementor-element elementor-element-7be5e85 elementor-widget elementor-widget-heading\" data-id=\"7be5e85\" data-element_type=\"widget\" data-e-type=\"widget\" data-widget_type=\"heading.default\">\n\t\t\t\t<div class=\"elementor-widget-container\">\n\t\t\t\t\t<h1 class=\"elementor-heading-title elementor-size-default\">Aviso legal<\/h1>\t\t\t\t<\/div>\n\t\t\t\t<\/div>\n\t\t\t\t<div class=\"elementor-element elementor-element-48ef41c elementor-widget elementor-widget-text-editor\" data-id=\"48ef41c\" data-element_type=\"widget\" data-e-type=\"widget\" data-widget_type=\"text-editor.default\">\n\t\t\t\t<div class=\"elementor-widget-container\">\n\t\t\t\t\t\t\t\t\t<p>El sitio web y el dominio pasqualarnella.com corresponden a PASQUAL ARNELLA, S.L. (en adelante Pasqual Arnella), con CIF B60882826, domiciliada en Capcir, 22, Castellar del Vall\u00e8s 08211 \u2013 BARCELONA, tel. (+34) 93 747 10 90, a \/ e info@pasqualarnella.com.<\/p>\n<p>Figura inscrita en el Registro Mercantil de de Barcelona, tomo 28509, folio 107, Hoja B138349 , inscripci\u00f3n primera.<\/p>\n<h3>Propiedad intelectual e industrial<\/h3>\n<p>Los contenidos de este sitio, incluyendo los textos, im\u00e1genes y dise\u00f1os gr\u00e1ficos, pertenecen a Pasqual Arnella, o a terceros que han autorizado su uso espec\u00edficamente en su sitio web. Pasqual Arnella presenta estos contenidos con fines de informaci\u00f3n y publicidad. Pasqual Arnella autoriza su utilizaci\u00f3n exclusivamente para difundir sus productos o servicios. Cualquier utilizaci\u00f3n de estos dise\u00f1os, im\u00e1genes o textos deber\u00e1 citar expresamente su pertenencia a Pasqual Arnella, que se reserva el derecho a iniciar las acciones legales oportunas para reparar los da\u00f1os y perjuicios causados por cualquier acto que vulnere sus derechos de propiedad inteligente intelectual o industrial. No se autoriza la utilizaci\u00f3n de los logotipos, dise\u00f1os, marcas u otros signos distintivos de Pasqual Arnella ni los clientes de Pasqual Arnella sin autorizaci\u00f3n expresa, previa y por escrito de los respectivos titulares de los derechos.<\/p>\n<p>No se autorizan presentaciones de los contenidos de este sitio en una ventana ajena a Pasqual Arnella.com (framing).<\/p>\n<h3>Responsabilidad sobre los contenidos<\/h3>\n<p>Aunque Pasqual Arnella act\u00faa con la m\u00e1xima diligencia posible, puede darse el caso de que alg\u00fan dato o informaci\u00f3n no est\u00e9 del todo actualizada en el momento que el usuario del sitio web lo consulte. Por eso Pasqual Arnella manifiesta que las referencias de los productos y precios que se presentan en su sitio web tienen una funci\u00f3n orientativa y no obligan a Pasqual Arnella hasta la confirmaci\u00f3n expresa de un pedido.<\/p>\n<p>Pasqual Arnella no se hace responsable de la informaci\u00f3n que se pueda obtener a trav\u00e9s de enlaces incluidos en el sitio.<\/p>\n<h3>Condiciones de uso<\/h3>\n<p>El uso de este sitio web implica la aceptaci\u00f3n plena de los t\u00e9rminos y condiciones del presente aviso legal. Los posibles conflictos relativos a esta web se regir\u00e1n exclusivamente por el derecho del Estado espa\u00f1ol. Toda persona usuaria del web, independientemente de la jurisdicci\u00f3n territorial desde la que se produzca su acceso, acepta el cumplimiento y respeto de estas cl\u00e1usulas.<\/p>\n\t\t\t\t\t\t\t\t<\/div>\n\t\t\t\t<\/div>\n\t\t\t\t\t<\/div>\n\t\t\t\t<\/div>\n\t\t\t\t<\/div>\n\t\t","protected":false},"excerpt":{"rendered":"<p>El sitio web y el dominio pasqualarnella.com corresponden a PASQUAL ARNELLA, S.L. (en adelante Pasqual Arnella), con CIF B60882826, domiciliada en Capcir, 22, Castellar del Vall\u00e8s 08211 \u2013 BARCELONA, tel. (+34) 93 747 10 90, a \/ e info@pasqualarnella.com. Figura inscrita en el Registro Mercantil de de Barcelona, tomo 28509, folio 107, Hoja B138349 , [&hellip;]<\/p>\n","protected":false},"author":1,"featured_media":0,"parent":0,"menu_order":0,"comment_status":"closed","ping_status":"closed","template":"","meta":{"_jet_sm_ready_style":"","_jet_sm_style":"","_jet_sm_controls_values":"","_jet_sm_fonts_collection":"","_jet_sm_fonts_links":"","footnotes":""},"class_list":["post-12785","page","type-page","status-publish","hentry"],"yoast_head":"<!-- This site is optimized with the Yoast SEO plugin v27.0 - https:\/\/yoast.com\/product\/yoast-seo-wordpress\/ -->\n<title>Aviso legal - PasqualArnella<\/title>\n<meta name=\"robots\" content=\"index, follow, max-snippet:-1, max-image-preview:large, max-video-preview:-1\" \/>\n<link rel=\"canonical\" href=\"https:\/\/pasqualarnella.com\/es\/aviso-legal\/\" \/>\n<meta property=\"og:locale\" content=\"es_ES\" \/>\n<meta property=\"og:type\" content=\"article\" \/>\n<meta property=\"og:title\" content=\"Aviso legal - PasqualArnella\" \/>\n<meta property=\"og:description\" content=\"El sitio web y el dominio pasqualarnella.com corresponden a PASQUAL ARNELLA, S.L. (en adelante Pasqual Arnella), con CIF B60882826, domiciliada en Capcir, 22, Castellar del Vall\u00e8s 08211 \u2013 BARCELONA, tel. (+34) 93 747 10 90, a \/ e info@pasqualarnella.com. Figura inscrita en el Registro Mercantil de de Barcelona, tomo 28509, folio 107, Hoja B138349 , [&hellip;]\" \/>\n<meta property=\"og:url\" content=\"https:\/\/pasqualarnella.com\/es\/aviso-legal\/\" \/>\n<meta property=\"og:site_name\" content=\"PasqualArnella\" \/>\n<meta property=\"article:modified_time\" content=\"2026-03-23T16:05:30+00:00\" \/>\n<meta name=\"twitter:card\" content=\"summary_large_image\" \/>\n<meta name=\"twitter:label1\" content=\"Tiempo de lectura\" \/>\n\t<meta name=\"twitter:data1\" content=\"2 minutos\" \/>\n<script type=\"application\/ld+json\" class=\"yoast-schema-graph\">{\"@context\":\"https:\/\/schema.org\",\"@graph\":[{\"@type\":\"WebPage\",\"@id\":\"https:\/\/pasqualarnella.com\/es\/aviso-legal\/\",\"url\":\"https:\/\/pasqualarnella.com\/es\/aviso-legal\/\",\"name\":\"Aviso legal - PasqualArnella\",\"isPartOf\":{\"@id\":\"https:\/\/pasqualarnella.com\/#website\"},\"datePublished\":\"2026-03-23T16:00:22+00:00\",\"dateModified\":\"2026-03-23T16:05:30+00:00\",\"breadcrumb\":{\"@id\":\"https:\/\/pasqualarnella.com\/es\/aviso-legal\/#breadcrumb\"},\"inLanguage\":\"es\",\"potentialAction\":[{\"@type\":\"ReadAction\",\"target\":[\"https:\/\/pasqualarnella.com\/es\/aviso-legal\/\"]}]},{\"@type\":\"BreadcrumbList\",\"@id\":\"https:\/\/pasqualarnella.com\/es\/aviso-legal\/#breadcrumb\",\"itemListElement\":[{\"@type\":\"ListItem\",\"position\":1,\"name\":\"Home\",\"item\":\"https:\/\/pasqualarnella.com\/\"},{\"@type\":\"ListItem\",\"position\":2,\"name\":\"Aviso legal\"}]},{\"@type\":\"WebSite\",\"@id\":\"https:\/\/pasqualarnella.com\/#website\",\"url\":\"https:\/\/pasqualarnella.com\/\",\"name\":\"PasqualArnella\",\"description\":\"\",\"publisher\":{\"@id\":\"https:\/\/pasqualarnella.com\/#organization\"},\"potentialAction\":[{\"@type\":\"SearchAction\",\"target\":{\"@type\":\"EntryPoint\",\"urlTemplate\":\"https:\/\/pasqualarnella.com\/?s={search_term_string}\"},\"query-input\":{\"@type\":\"PropertyValueSpecification\",\"valueRequired\":true,\"valueName\":\"search_term_string\"}}],\"inLanguage\":\"es\"},{\"@type\":\"Organization\",\"@id\":\"https:\/\/pasqualarnella.com\/#organization\",\"name\":\"PasqualArnella\",\"url\":\"https:\/\/pasqualarnella.com\/\",\"logo\":{\"@type\":\"ImageObject\",\"inLanguage\":\"es\",\"@id\":\"https:\/\/pasqualarnella.com\/#\/schema\/logo\/image\/\",\"url\":\"https:\/\/pasqualarnella.com\/wp-content\/uploads\/2023\/04\/pasqual-arnella-logo-black.svg\",\"contentUrl\":\"https:\/\/pasqualarnella.com\/wp-content\/uploads\/2023\/04\/pasqual-arnella-logo-black.svg\",\"caption\":\"PasqualArnella\"},\"image\":{\"@id\":\"https:\/\/pasqualarnella.com\/#\/schema\/logo\/image\/\"}}]}<\/script>\n<!-- \/ Yoast SEO plugin. -->","yoast_head_json":{"title":"Aviso legal - PasqualArnella","robots":{"index":"index","follow":"follow","max-snippet":"max-snippet:-1","max-image-preview":"max-image-preview:large","max-video-preview":"max-video-preview:-1"},"canonical":"https:\/\/pasqualarnella.com\/es\/aviso-legal\/","og_locale":"es_ES","og_type":"article","og_title":"Aviso legal - PasqualArnella","og_description":"El sitio web y el dominio pasqualarnella.com corresponden a PASQUAL ARNELLA, S.L. (en adelante Pasqual Arnella), con CIF B60882826, domiciliada en Capcir, 22, Castellar del Vall\u00e8s 08211 \u2013 BARCELONA, tel. (+34) 93 747 10 90, a \/ e info@pasqualarnella.com. Figura inscrita en el Registro Mercantil de de Barcelona, tomo 28509, folio 107, Hoja B138349 , [&hellip;]","og_url":"https:\/\/pasqualarnella.com\/es\/aviso-legal\/","og_site_name":"PasqualArnella","article_modified_time":"2026-03-23T16:05:30+00:00","twitter_card":"summary_large_image","twitter_misc":{"Tiempo de lectura":"2 minutos"},"schema":{"@context":"https:\/\/schema.org","@graph":[{"@type":"WebPage","@id":"https:\/\/pasqualarnella.com\/es\/aviso-legal\/","url":"https:\/\/pasqualarnella.com\/es\/aviso-legal\/","name":"Aviso legal - PasqualArnella","isPartOf":{"@id":"https:\/\/pasqualarnella.com\/#website"},"datePublished":"2026-03-23T16:00:22+00:00","dateModified":"2026-03-23T16:05:30+00:00","breadcrumb":{"@id":"https:\/\/pasqualarnella.com\/es\/aviso-legal\/#breadcrumb"},"inLanguage":"es","potentialAction":[{"@type":"ReadAction","target":["https:\/\/pasqualarnella.com\/es\/aviso-legal\/"]}]},{"@type":"BreadcrumbList","@id":"https:\/\/pasqualarnella.com\/es\/aviso-legal\/#breadcrumb","itemListElement":[{"@type":"ListItem","position":1,"name":"Home","item":"https:\/\/pasqualarnella.com\/"},{"@type":"ListItem","position":2,"name":"Aviso legal"}]},{"@type":"WebSite","@id":"https:\/\/pasqualarnella.com\/#website","url":"https:\/\/pasqualarnella.com\/","name":"PasqualArnella","description":"","publisher":{"@id":"https:\/\/pasqualarnella.com\/#organization"},"potentialAction":[{"@type":"SearchAction","target":{"@type":"EntryPoint","urlTemplate":"https:\/\/pasqualarnella.com\/?s={search_term_string}"},"query-input":{"@type":"PropertyValueSpecification","valueRequired":true,"valueName":"search_term_string"}}],"inLanguage":"es"},{"@type":"Organization","@id":"https:\/\/pasqualarnella.com\/#organization","name":"PasqualArnella","url":"https:\/\/pasqualarnella.com\/","logo":{"@type":"ImageObject","inLanguage":"es","@id":"https:\/\/pasqualarnella.com\/#\/schema\/logo\/image\/","url":"https:\/\/pasqualarnella.com\/wp-content\/uploads\/2023\/04\/pasqual-arnella-logo-black.svg","contentUrl":"https:\/\/pasqualarnella.com\/wp-content\/uploads\/2023\/04\/pasqual-arnella-logo-black.svg","caption":"PasqualArnella"},"image":{"@id":"https:\/\/pasqualarnella.com\/#\/schema\/logo\/image\/"}}]}},"_links":{"self":[{"href":"https:\/\/pasqualarnella.com\/es\/wp-json\/wp\/v2\/pages\/12785","targetHints":{"allow":["GET"]}}],"collection":[{"href":"https:\/\/pasqualarnella.com\/es\/wp-json\/wp\/v2\/pages"}],"about":[{"href":"https:\/\/pasqualarnella.com\/es\/wp-json\/wp\/v2\/types\/page"}],"author":[{"embeddable":true,"href":"https:\/\/pasqualarnella.com\/es\/wp-json\/wp\/v2\/users\/1"}],"replies":[{"embeddable":true,"href":"https:\/\/pasqualarnella.com\/es\/wp-json\/wp\/v2\/comments?post=12785"}],"version-history":[{"count":1,"href":"https:\/\/pasqualarnella.com\/es\/wp-json\/wp\/v2\/pages\/12785\/revisions"}],"predecessor-version":[{"id":12786,"href":"https:\/\/pasqualarnella.com\/es\/wp-json\/wp\/v2\/pages\/12785\/revisions\/12786"}],"wp:attachment":[{"href":"https:\/\/pasqualarnella.com\/es\/wp-json\/wp\/v2\/media?parent=12785"}],"curies":[{"name":"wp","href":"https:\/\/api.w.org\/{rel}","templated":true}]}}