{"id":12907,"date":"2026-03-31T08:04:45","date_gmt":"2026-03-31T08:04:45","guid":{"rendered":"https:\/\/pasqualarnella.com\/?post_type=product&#038;p=12907"},"modified":"2026-03-31T08:15:51","modified_gmt":"2026-03-31T08:15:51","slug":"mano-expositora","status":"publish","type":"product","link":"https:\/\/pasqualarnella.com\/es\/product\/mano-expositora\/","title":{"rendered":"MANO EXPOSITORA"},"content":{"rendered":"<p><strong>MANO DE MANIQU\u00cd PARA GUANTES<\/strong><\/p>\n<p>Esta mano izquierda de maniqu\u00ed est\u00e1 dise\u00f1ada para la exposici\u00f3n de guantes y accesorios.<\/p>\n<p>Est\u00e1 disponible en una <strong>versi\u00f3n b\u00e1sica<\/strong> con la base sin tapar, o en una <strong>versi\u00f3n completa<\/strong> con base tapada con madera y un im\u00e1n que permite fijarla a superficies met\u00e1licas como expositores, mostradores o escaparates. Para la versi\u00f3n completa, tambi\u00e9n suministramos un <strong>disco met\u00e1lico<\/strong> en caso de que no se disponga de una superficie met\u00e1lica donde colocarla.<\/p>\n","protected":false},"excerpt":{"rendered":"<p>MANO DE MANIQU\u00cd PARA GUANTES Esta mano izquierda de maniqu\u00ed est\u00e1 dise\u00f1ada para la exposici\u00f3n de guantes y accesorios. Est\u00e1 disponible en una versi\u00f3n b\u00e1sica con la base sin tapar, o en una versi\u00f3n completa con base tapada con madera y un im\u00e1n que permite fijarla a superficies met\u00e1licas como expositores, mostradores o escaparates. Para [&hellip;]<\/p>\n","protected":false},"featured_media":12919,"comment_status":"open","ping_status":"closed","template":"","meta":{"_jet_sm_ready_style":"","_jet_sm_style":"","_jet_sm_controls_values":"","_jet_sm_fonts_collection":"","_jet_sm_fonts_links":""},"product_brand":[],"product_cat":[129],"product_tag":[],"gender-identity":[228,229,230],"collection":[144],"pascual-arnella-tags":[],"class_list":{"0":"post-12907","1":"product","2":"type-product","3":"status-publish","4":"has-post-thumbnail","6":"gender-identity-hombre","7":"gender-identity-mujer","8":"gender-identity-unisex","9":"collection-cabezas-y-accesorios","11":"first","12":"instock","13":"shipping-taxable","14":"product-type-simple"},"yoast_head":"<!-- This site is optimized with the Yoast SEO plugin v27.0 - https:\/\/yoast.com\/product\/yoast-seo-wordpress\/ -->\n<title>MANO EXPOSITORA - PasqualArnella<\/title>\n<meta name=\"robots\" content=\"index, follow, max-snippet:-1, max-image-preview:large, max-video-preview:-1\" \/>\n<link rel=\"canonical\" href=\"https:\/\/pasqualarnella.com\/es\/product\/mano-expositora\/\" \/>\n<meta property=\"og:locale\" content=\"es_ES\" \/>\n<meta property=\"og:type\" content=\"article\" \/>\n<meta property=\"og:title\" content=\"MANO EXPOSITORA - PasqualArnella\" \/>\n<meta property=\"og:description\" content=\"MANO DE MANIQU\u00cd PARA GUANTES Esta mano izquierda de maniqu\u00ed est\u00e1 dise\u00f1ada para la exposici\u00f3n de guantes y accesorios. Est\u00e1 disponible en una versi\u00f3n b\u00e1sica con la base sin tapar, o en una versi\u00f3n completa con base tapada con madera y un im\u00e1n que permite fijarla a superficies met\u00e1licas como expositores, mostradores o escaparates. Para [&hellip;]\" \/>\n<meta property=\"og:url\" content=\"https:\/\/pasqualarnella.com\/es\/product\/mano-expositora\/\" \/>\n<meta property=\"og:site_name\" content=\"PasqualArnella\" \/>\n<meta property=\"article:modified_time\" content=\"2026-03-31T08:15:51+00:00\" \/>\n<meta property=\"og:image\" content=\"https:\/\/pasqualarnella.com\/wp-content\/uploads\/2026\/03\/mano2692-P.jpg\" \/>\n\t<meta property=\"og:image:width\" content=\"914\" \/>\n\t<meta property=\"og:image:height\" content=\"1371\" \/>\n\t<meta property=\"og:image:type\" content=\"image\/jpeg\" \/>\n<meta name=\"twitter:card\" content=\"summary_large_image\" \/>\n<meta name=\"twitter:label1\" content=\"Tiempo de lectura\" \/>\n\t<meta name=\"twitter:data1\" content=\"1 minuto\" \/>\n<script type=\"application\/ld+json\" class=\"yoast-schema-graph\">{\"@context\":\"https:\/\/schema.org\",\"@graph\":[{\"@type\":\"WebPage\",\"@id\":\"https:\/\/pasqualarnella.com\/es\/product\/mano-expositora\/\",\"url\":\"https:\/\/pasqualarnella.com\/es\/product\/mano-expositora\/\",\"name\":\"MANO EXPOSITORA - PasqualArnella\",\"isPartOf\":{\"@id\":\"https:\/\/pasqualarnella.com\/#website\"},\"primaryImageOfPage\":{\"@id\":\"https:\/\/pasqualarnella.com\/es\/product\/mano-expositora\/#primaryimage\"},\"image\":{\"@id\":\"https:\/\/pasqualarnella.com\/es\/product\/mano-expositora\/#primaryimage\"},\"thumbnailUrl\":\"https:\/\/pasqualarnella.com\/wp-content\/uploads\/2026\/03\/mano2692-P.jpg\",\"datePublished\":\"2026-03-31T08:04:45+00:00\",\"dateModified\":\"2026-03-31T08:15:51+00:00\",\"breadcrumb\":{\"@id\":\"https:\/\/pasqualarnella.com\/es\/product\/mano-expositora\/#breadcrumb\"},\"inLanguage\":\"es\",\"potentialAction\":[{\"@type\":\"ReadAction\",\"target\":[\"https:\/\/pasqualarnella.com\/es\/product\/mano-expositora\/\"]}]},{\"@type\":\"ImageObject\",\"inLanguage\":\"es\",\"@id\":\"https:\/\/pasqualarnella.com\/es\/product\/mano-expositora\/#primaryimage\",\"url\":\"https:\/\/pasqualarnella.com\/wp-content\/uploads\/2026\/03\/mano2692-P.jpg\",\"contentUrl\":\"https:\/\/pasqualarnella.com\/wp-content\/uploads\/2026\/03\/mano2692-P.jpg\",\"width\":914,\"height\":1371},{\"@type\":\"BreadcrumbList\",\"@id\":\"https:\/\/pasqualarnella.com\/es\/product\/mano-expositora\/#breadcrumb\",\"itemListElement\":[{\"@type\":\"ListItem\",\"position\":1,\"name\":\"Home\",\"item\":\"https:\/\/pasqualarnella.com\/\"},{\"@type\":\"ListItem\",\"position\":2,\"name\":\"Tienda\",\"item\":\"https:\/\/pasqualarnella.com\/es\/?page_id=5534\"},{\"@type\":\"ListItem\",\"position\":3,\"name\":\"COLECCIONES\",\"item\":\"https:\/\/pasqualarnella.com\/es\/collection\/colecciones\/\"},{\"@type\":\"ListItem\",\"position\":4,\"name\":\"CABEZAS Y ACCESORIOS\",\"item\":\"https:\/\/pasqualarnella.com\/es\/collection\/cabezas-y-accesorios\/\"},{\"@type\":\"ListItem\",\"position\":5,\"name\":\"MANO EXPOSITORA\"}]},{\"@type\":\"WebSite\",\"@id\":\"https:\/\/pasqualarnella.com\/#website\",\"url\":\"https:\/\/pasqualarnella.com\/\",\"name\":\"PasqualArnella\",\"description\":\"\",\"publisher\":{\"@id\":\"https:\/\/pasqualarnella.com\/#organization\"},\"potentialAction\":[{\"@type\":\"SearchAction\",\"target\":{\"@type\":\"EntryPoint\",\"urlTemplate\":\"https:\/\/pasqualarnella.com\/?s={search_term_string}\"},\"query-input\":{\"@type\":\"PropertyValueSpecification\",\"valueRequired\":true,\"valueName\":\"search_term_string\"}}],\"inLanguage\":\"es\"},{\"@type\":\"Organization\",\"@id\":\"https:\/\/pasqualarnella.com\/#organization\",\"name\":\"PasqualArnella\",\"url\":\"https:\/\/pasqualarnella.com\/\",\"logo\":{\"@type\":\"ImageObject\",\"inLanguage\":\"es\",\"@id\":\"https:\/\/pasqualarnella.com\/#\/schema\/logo\/image\/\",\"url\":\"https:\/\/pasqualarnella.com\/wp-content\/uploads\/2023\/04\/pasqual-arnella-logo-black.svg\",\"contentUrl\":\"https:\/\/pasqualarnella.com\/wp-content\/uploads\/2023\/04\/pasqual-arnella-logo-black.svg\",\"caption\":\"PasqualArnella\"},\"image\":{\"@id\":\"https:\/\/pasqualarnella.com\/#\/schema\/logo\/image\/\"}}]}<\/script>\n<!-- \/ Yoast SEO plugin. -->","yoast_head_json":{"title":"MANO EXPOSITORA - PasqualArnella","robots":{"index":"index","follow":"follow","max-snippet":"max-snippet:-1","max-image-preview":"max-image-preview:large","max-video-preview":"max-video-preview:-1"},"canonical":"https:\/\/pasqualarnella.com\/es\/product\/mano-expositora\/","og_locale":"es_ES","og_type":"article","og_title":"MANO EXPOSITORA - PasqualArnella","og_description":"MANO DE MANIQU\u00cd PARA GUANTES Esta mano izquierda de maniqu\u00ed est\u00e1 dise\u00f1ada para la exposici\u00f3n de guantes y accesorios. Est\u00e1 disponible en una versi\u00f3n b\u00e1sica con la base sin tapar, o en una versi\u00f3n completa con base tapada con madera y un im\u00e1n que permite fijarla a superficies met\u00e1licas como expositores, mostradores o escaparates. Para [&hellip;]","og_url":"https:\/\/pasqualarnella.com\/es\/product\/mano-expositora\/","og_site_name":"PasqualArnella","article_modified_time":"2026-03-31T08:15:51+00:00","og_image":[{"width":914,"height":1371,"url":"https:\/\/pasqualarnella.com\/wp-content\/uploads\/2026\/03\/mano2692-P.jpg","type":"image\/jpeg"}],"twitter_card":"summary_large_image","twitter_misc":{"Tiempo de lectura":"1 minuto"},"schema":{"@context":"https:\/\/schema.org","@graph":[{"@type":"WebPage","@id":"https:\/\/pasqualarnella.com\/es\/product\/mano-expositora\/","url":"https:\/\/pasqualarnella.com\/es\/product\/mano-expositora\/","name":"MANO EXPOSITORA - PasqualArnella","isPartOf":{"@id":"https:\/\/pasqualarnella.com\/#website"},"primaryImageOfPage":{"@id":"https:\/\/pasqualarnella.com\/es\/product\/mano-expositora\/#primaryimage"},"image":{"@id":"https:\/\/pasqualarnella.com\/es\/product\/mano-expositora\/#primaryimage"},"thumbnailUrl":"https:\/\/pasqualarnella.com\/wp-content\/uploads\/2026\/03\/mano2692-P.jpg","datePublished":"2026-03-31T08:04:45+00:00","dateModified":"2026-03-31T08:15:51+00:00","breadcrumb":{"@id":"https:\/\/pasqualarnella.com\/es\/product\/mano-expositora\/#breadcrumb"},"inLanguage":"es","potentialAction":[{"@type":"ReadAction","target":["https:\/\/pasqualarnella.com\/es\/product\/mano-expositora\/"]}]},{"@type":"ImageObject","inLanguage":"es","@id":"https:\/\/pasqualarnella.com\/es\/product\/mano-expositora\/#primaryimage","url":"https:\/\/pasqualarnella.com\/wp-content\/uploads\/2026\/03\/mano2692-P.jpg","contentUrl":"https:\/\/pasqualarnella.com\/wp-content\/uploads\/2026\/03\/mano2692-P.jpg","width":914,"height":1371},{"@type":"BreadcrumbList","@id":"https:\/\/pasqualarnella.com\/es\/product\/mano-expositora\/#breadcrumb","itemListElement":[{"@type":"ListItem","position":1,"name":"Home","item":"https:\/\/pasqualarnella.com\/"},{"@type":"ListItem","position":2,"name":"Tienda","item":"https:\/\/pasqualarnella.com\/es\/?page_id=5534"},{"@type":"ListItem","position":3,"name":"COLECCIONES","item":"https:\/\/pasqualarnella.com\/es\/collection\/colecciones\/"},{"@type":"ListItem","position":4,"name":"CABEZAS Y ACCESORIOS","item":"https:\/\/pasqualarnella.com\/es\/collection\/cabezas-y-accesorios\/"},{"@type":"ListItem","position":5,"name":"MANO EXPOSITORA"}]},{"@type":"WebSite","@id":"https:\/\/pasqualarnella.com\/#website","url":"https:\/\/pasqualarnella.com\/","name":"PasqualArnella","description":"","publisher":{"@id":"https:\/\/pasqualarnella.com\/#organization"},"potentialAction":[{"@type":"SearchAction","target":{"@type":"EntryPoint","urlTemplate":"https:\/\/pasqualarnella.com\/?s={search_term_string}"},"query-input":{"@type":"PropertyValueSpecification","valueRequired":true,"valueName":"search_term_string"}}],"inLanguage":"es"},{"@type":"Organization","@id":"https:\/\/pasqualarnella.com\/#organization","name":"PasqualArnella","url":"https:\/\/pasqualarnella.com\/","logo":{"@type":"ImageObject","inLanguage":"es","@id":"https:\/\/pasqualarnella.com\/#\/schema\/logo\/image\/","url":"https:\/\/pasqualarnella.com\/wp-content\/uploads\/2023\/04\/pasqual-arnella-logo-black.svg","contentUrl":"https:\/\/pasqualarnella.com\/wp-content\/uploads\/2023\/04\/pasqual-arnella-logo-black.svg","caption":"PasqualArnella"},"image":{"@id":"https:\/\/pasqualarnella.com\/#\/schema\/logo\/image\/"}}]}},"_links":{"self":[{"href":"https:\/\/pasqualarnella.com\/es\/wp-json\/wp\/v2\/product\/12907","targetHints":{"allow":["GET"]}}],"collection":[{"href":"https:\/\/pasqualarnella.com\/es\/wp-json\/wp\/v2\/product"}],"about":[{"href":"https:\/\/pasqualarnella.com\/es\/wp-json\/wp\/v2\/types\/product"}],"replies":[{"embeddable":true,"href":"https:\/\/pasqualarnella.com\/es\/wp-json\/wp\/v2\/comments?post=12907"}],"version-history":[{"count":1,"href":"https:\/\/pasqualarnella.com\/es\/wp-json\/wp\/v2\/product\/12907\/revisions"}],"predecessor-version":[{"id":12921,"href":"https:\/\/pasqualarnella.com\/es\/wp-json\/wp\/v2\/product\/12907\/revisions\/12921"}],"wp:featuredmedia":[{"embeddable":true,"href":"https:\/\/pasqualarnella.com\/es\/wp-json\/wp\/v2\/media\/12919"}],"wp:attachment":[{"href":"https:\/\/pasqualarnella.com\/es\/wp-json\/wp\/v2\/media?parent=12907"}],"wp:term":[{"taxonomy":"product_brand","embeddable":true,"href":"https:\/\/pasqualarnella.com\/es\/wp-json\/wp\/v2\/product_brand?post=12907"},{"taxonomy":"product_cat","embeddable":true,"href":"https:\/\/pasqualarnella.com\/es\/wp-json\/wp\/v2\/product_cat?post=12907"},{"taxonomy":"product_tag","embeddable":true,"href":"https:\/\/pasqualarnella.com\/es\/wp-json\/wp\/v2\/product_tag?post=12907"},{"taxonomy":"gender-identity","embeddable":true,"href":"https:\/\/pasqualarnella.com\/es\/wp-json\/wp\/v2\/gender-identity?post=12907"},{"taxonomy":"collection","embeddable":true,"href":"https:\/\/pasqualarnella.com\/es\/wp-json\/wp\/v2\/collection?post=12907"},{"taxonomy":"pascual-arnella-tags","embeddable":true,"href":"https:\/\/pasqualarnella.com\/es\/wp-json\/wp\/v2\/pascual-arnella-tags?post=12907"}],"curies":[{"name":"wp","href":"https:\/\/api.w.org\/{rel}","templated":true}]}}