{"id":5526,"date":"2023-04-16T12:29:19","date_gmt":"2023-04-16T12:29:19","guid":{"rendered":"https:\/\/pascualarnella.c.wetopi.com\/product\/valira-femmequin\/"},"modified":"2026-04-20T10:19:47","modified_gmt":"2026-04-20T10:19:47","slug":"valira-femmequin","status":"publish","type":"product","link":"https:\/\/pasqualarnella.com\/es\/product\/valira-femmequin\/","title":{"rendered":"VALIRA"},"content":{"rendered":"<p><b>MANIQU\u00cd DE MUJER<\/b><\/p>\n<p><span style=\"font-weight: 400;\">Nuestro maniqu\u00ed de mujer <\/span><i><span style=\"font-weight: 400;\">Valira<\/span><\/i><span style=\"font-weight: 400;\"> permite exhibir sus colecciones de forma elegante a la vez que ecol\u00f3gica, reflejando el compromiso de su marca con la sostenibilidad.<\/span><span style=\"font-weight: 400;\"><br \/>\n<\/span><span style=\"font-weight: 400;\">Valira de constituci\u00f3n atl\u00e9tica y con un dise\u00f1o sofisticado, realza la presentaci\u00f3n de ropa tanto deportiva como urbana.<br \/>\n<\/span>Hecho de pasta de papel en Barcelona, aboga por la econom\u00eda circular en todos los niveles. Perfecto para todos los estilos de moda, este maniqu\u00ed femenino es resistente a la vez muy ligero, pesa menos de 5 kg. *<\/p>\n<p><span style=\"font-weight: 400;\">*sin la base de metal.<\/span><\/p>\n<p><span style=\"font-weight: 400;\">La versi\u00f3n masculina es nuestro maniqu\u00ed <\/span><a href=\"https:\/\/pasqualarnella.com\/es\/product\/gento-male-mannequin\/\"><i><span style=\"font-weight: 400;\">Gento<\/span><\/i><\/a>.<\/p>\n<ul>\n<li style=\"font-weight: 400;\" aria-level=\"1\"><span style=\"font-weight: 400;\">Hecho con pasta de papel a partir de papel y cart\u00f3n reciclados.<\/span><\/li>\n<li style=\"font-weight: 400;\" aria-level=\"1\"><span style=\"font-weight: 400;\">Fabricado en Barcelona.<\/span><\/li>\n<li style=\"font-weight: 400;\" aria-level=\"1\"><span style=\"font-weight: 400;\">F\u00e1cil manejo gracias a las uniones magn\u00e9ticas.<\/span><\/li>\n<li style=\"font-weight: 400;\" aria-level=\"1\"><span style=\"font-weight: 400;\">Ligero, hasta un 50% menos que otros maniqu\u00edes del mercado.<\/span><\/li>\n<\/ul>\n","protected":false},"excerpt":{"rendered":"<p>MANIQU\u00cd DE MUJER Nuestro maniqu\u00ed de mujer Valira permite exhibir sus colecciones de forma elegante a la vez que ecol\u00f3gica, reflejando el compromiso de su marca con la sostenibilidad. Valira de constituci\u00f3n atl\u00e9tica y con un dise\u00f1o sofisticado, realza la presentaci\u00f3n de ropa tanto deportiva como urbana. Hecho de pasta de papel en Barcelona, aboga [&hellip;]<\/p>\n","protected":false},"featured_media":13015,"comment_status":"open","ping_status":"closed","template":"","meta":{"_jet_sm_ready_style":"","_jet_sm_style":"","_jet_sm_controls_values":"","_jet_sm_fonts_collection":"","_jet_sm_fonts_links":""},"product_brand":[],"product_cat":[129],"product_tag":[],"gender-identity":[229],"collection":[131],"pascual-arnella-tags":[],"class_list":{"0":"post-5526","1":"product","2":"type-product","3":"status-publish","4":"has-post-thumbnail","6":"gender-identity-mujer","7":"collection-maniquies-y-femiquies","9":"first","10":"instock","11":"shipping-taxable","12":"product-type-simple"},"yoast_head":"<!-- This site is optimized with the Yoast SEO plugin v27.0 - https:\/\/yoast.com\/product\/yoast-seo-wordpress\/ -->\n<title>VALIRA - PasqualArnella<\/title>\n<meta name=\"robots\" content=\"index, follow, max-snippet:-1, max-image-preview:large, max-video-preview:-1\" \/>\n<link rel=\"canonical\" href=\"https:\/\/pasqualarnella.com\/es\/product\/valira-femmequin\/\" \/>\n<meta property=\"og:locale\" content=\"es_ES\" \/>\n<meta property=\"og:type\" content=\"article\" \/>\n<meta property=\"og:title\" content=\"VALIRA - PasqualArnella\" \/>\n<meta property=\"og:description\" content=\"MANIQU\u00cd DE MUJER Nuestro maniqu\u00ed de mujer Valira permite exhibir sus colecciones de forma elegante a la vez que ecol\u00f3gica, reflejando el compromiso de su marca con la sostenibilidad. Valira de constituci\u00f3n atl\u00e9tica y con un dise\u00f1o sofisticado, realza la presentaci\u00f3n de ropa tanto deportiva como urbana. Hecho de pasta de papel en Barcelona, aboga [&hellip;]\" \/>\n<meta property=\"og:url\" content=\"https:\/\/pasqualarnella.com\/es\/product\/valira-femmequin\/\" \/>\n<meta property=\"og:site_name\" content=\"PasqualArnella\" \/>\n<meta property=\"article:modified_time\" content=\"2026-04-20T10:19:47+00:00\" \/>\n<meta property=\"og:image\" content=\"https:\/\/pasqualarnella.com\/wp-content\/uploads\/2023\/04\/VALIRA-P-5.jpg\" \/>\n\t<meta property=\"og:image:width\" content=\"914\" \/>\n\t<meta property=\"og:image:height\" content=\"1371\" \/>\n\t<meta property=\"og:image:type\" content=\"image\/jpeg\" \/>\n<meta name=\"twitter:card\" content=\"summary_large_image\" \/>\n<meta name=\"twitter:label1\" content=\"Tiempo de lectura\" \/>\n\t<meta name=\"twitter:data1\" content=\"1 minuto\" \/>\n<script type=\"application\/ld+json\" class=\"yoast-schema-graph\">{\"@context\":\"https:\/\/schema.org\",\"@graph\":[{\"@type\":\"WebPage\",\"@id\":\"https:\/\/pasqualarnella.com\/es\/product\/valira-femmequin\/\",\"url\":\"https:\/\/pasqualarnella.com\/es\/product\/valira-femmequin\/\",\"name\":\"VALIRA - PasqualArnella\",\"isPartOf\":{\"@id\":\"https:\/\/pasqualarnella.com\/#website\"},\"primaryImageOfPage\":{\"@id\":\"https:\/\/pasqualarnella.com\/es\/product\/valira-femmequin\/#primaryimage\"},\"image\":{\"@id\":\"https:\/\/pasqualarnella.com\/es\/product\/valira-femmequin\/#primaryimage\"},\"thumbnailUrl\":\"https:\/\/pasqualarnella.com\/wp-content\/uploads\/2023\/04\/VALIRA-P-5.jpg\",\"datePublished\":\"2023-04-16T12:29:19+00:00\",\"dateModified\":\"2026-04-20T10:19:47+00:00\",\"breadcrumb\":{\"@id\":\"https:\/\/pasqualarnella.com\/es\/product\/valira-femmequin\/#breadcrumb\"},\"inLanguage\":\"es\",\"potentialAction\":[{\"@type\":\"ReadAction\",\"target\":[\"https:\/\/pasqualarnella.com\/es\/product\/valira-femmequin\/\"]}]},{\"@type\":\"ImageObject\",\"inLanguage\":\"es\",\"@id\":\"https:\/\/pasqualarnella.com\/es\/product\/valira-femmequin\/#primaryimage\",\"url\":\"https:\/\/pasqualarnella.com\/wp-content\/uploads\/2023\/04\/VALIRA-P-5.jpg\",\"contentUrl\":\"https:\/\/pasqualarnella.com\/wp-content\/uploads\/2023\/04\/VALIRA-P-5.jpg\",\"width\":914,\"height\":1371},{\"@type\":\"BreadcrumbList\",\"@id\":\"https:\/\/pasqualarnella.com\/es\/product\/valira-femmequin\/#breadcrumb\",\"itemListElement\":[{\"@type\":\"ListItem\",\"position\":1,\"name\":\"Home\",\"item\":\"https:\/\/pasqualarnella.com\/\"},{\"@type\":\"ListItem\",\"position\":2,\"name\":\"Tienda\",\"item\":\"https:\/\/pasqualarnella.com\/es\/?page_id=5534\"},{\"@type\":\"ListItem\",\"position\":3,\"name\":\"COLECCIONES\",\"item\":\"https:\/\/pasqualarnella.com\/es\/collection\/colecciones\/\"},{\"@type\":\"ListItem\",\"position\":4,\"name\":\"MANNEQUINS &amp; FEMMEQUINS\",\"item\":\"https:\/\/pasqualarnella.com\/collection\/mannequins-femmequins\/\"},{\"@type\":\"ListItem\",\"position\":5,\"name\":\"VALIRA\"}]},{\"@type\":\"WebSite\",\"@id\":\"https:\/\/pasqualarnella.com\/#website\",\"url\":\"https:\/\/pasqualarnella.com\/\",\"name\":\"PasqualArnella\",\"description\":\"\",\"publisher\":{\"@id\":\"https:\/\/pasqualarnella.com\/#organization\"},\"potentialAction\":[{\"@type\":\"SearchAction\",\"target\":{\"@type\":\"EntryPoint\",\"urlTemplate\":\"https:\/\/pasqualarnella.com\/?s={search_term_string}\"},\"query-input\":{\"@type\":\"PropertyValueSpecification\",\"valueRequired\":true,\"valueName\":\"search_term_string\"}}],\"inLanguage\":\"es\"},{\"@type\":\"Organization\",\"@id\":\"https:\/\/pasqualarnella.com\/#organization\",\"name\":\"PasqualArnella\",\"url\":\"https:\/\/pasqualarnella.com\/\",\"logo\":{\"@type\":\"ImageObject\",\"inLanguage\":\"es\",\"@id\":\"https:\/\/pasqualarnella.com\/#\/schema\/logo\/image\/\",\"url\":\"https:\/\/pasqualarnella.com\/wp-content\/uploads\/2023\/04\/pasqual-arnella-logo-black.svg\",\"contentUrl\":\"https:\/\/pasqualarnella.com\/wp-content\/uploads\/2023\/04\/pasqual-arnella-logo-black.svg\",\"caption\":\"PasqualArnella\"},\"image\":{\"@id\":\"https:\/\/pasqualarnella.com\/#\/schema\/logo\/image\/\"}}]}<\/script>\n<!-- \/ Yoast SEO plugin. -->","yoast_head_json":{"title":"VALIRA - PasqualArnella","robots":{"index":"index","follow":"follow","max-snippet":"max-snippet:-1","max-image-preview":"max-image-preview:large","max-video-preview":"max-video-preview:-1"},"canonical":"https:\/\/pasqualarnella.com\/es\/product\/valira-femmequin\/","og_locale":"es_ES","og_type":"article","og_title":"VALIRA - PasqualArnella","og_description":"MANIQU\u00cd DE MUJER Nuestro maniqu\u00ed de mujer Valira permite exhibir sus colecciones de forma elegante a la vez que ecol\u00f3gica, reflejando el compromiso de su marca con la sostenibilidad. Valira de constituci\u00f3n atl\u00e9tica y con un dise\u00f1o sofisticado, realza la presentaci\u00f3n de ropa tanto deportiva como urbana. Hecho de pasta de papel en Barcelona, aboga [&hellip;]","og_url":"https:\/\/pasqualarnella.com\/es\/product\/valira-femmequin\/","og_site_name":"PasqualArnella","article_modified_time":"2026-04-20T10:19:47+00:00","og_image":[{"width":914,"height":1371,"url":"https:\/\/pasqualarnella.com\/wp-content\/uploads\/2023\/04\/VALIRA-P-5.jpg","type":"image\/jpeg"}],"twitter_card":"summary_large_image","twitter_misc":{"Tiempo de lectura":"1 minuto"},"schema":{"@context":"https:\/\/schema.org","@graph":[{"@type":"WebPage","@id":"https:\/\/pasqualarnella.com\/es\/product\/valira-femmequin\/","url":"https:\/\/pasqualarnella.com\/es\/product\/valira-femmequin\/","name":"VALIRA - PasqualArnella","isPartOf":{"@id":"https:\/\/pasqualarnella.com\/#website"},"primaryImageOfPage":{"@id":"https:\/\/pasqualarnella.com\/es\/product\/valira-femmequin\/#primaryimage"},"image":{"@id":"https:\/\/pasqualarnella.com\/es\/product\/valira-femmequin\/#primaryimage"},"thumbnailUrl":"https:\/\/pasqualarnella.com\/wp-content\/uploads\/2023\/04\/VALIRA-P-5.jpg","datePublished":"2023-04-16T12:29:19+00:00","dateModified":"2026-04-20T10:19:47+00:00","breadcrumb":{"@id":"https:\/\/pasqualarnella.com\/es\/product\/valira-femmequin\/#breadcrumb"},"inLanguage":"es","potentialAction":[{"@type":"ReadAction","target":["https:\/\/pasqualarnella.com\/es\/product\/valira-femmequin\/"]}]},{"@type":"ImageObject","inLanguage":"es","@id":"https:\/\/pasqualarnella.com\/es\/product\/valira-femmequin\/#primaryimage","url":"https:\/\/pasqualarnella.com\/wp-content\/uploads\/2023\/04\/VALIRA-P-5.jpg","contentUrl":"https:\/\/pasqualarnella.com\/wp-content\/uploads\/2023\/04\/VALIRA-P-5.jpg","width":914,"height":1371},{"@type":"BreadcrumbList","@id":"https:\/\/pasqualarnella.com\/es\/product\/valira-femmequin\/#breadcrumb","itemListElement":[{"@type":"ListItem","position":1,"name":"Home","item":"https:\/\/pasqualarnella.com\/"},{"@type":"ListItem","position":2,"name":"Tienda","item":"https:\/\/pasqualarnella.com\/es\/?page_id=5534"},{"@type":"ListItem","position":3,"name":"COLECCIONES","item":"https:\/\/pasqualarnella.com\/es\/collection\/colecciones\/"},{"@type":"ListItem","position":4,"name":"MANNEQUINS &amp; FEMMEQUINS","item":"https:\/\/pasqualarnella.com\/collection\/mannequins-femmequins\/"},{"@type":"ListItem","position":5,"name":"VALIRA"}]},{"@type":"WebSite","@id":"https:\/\/pasqualarnella.com\/#website","url":"https:\/\/pasqualarnella.com\/","name":"PasqualArnella","description":"","publisher":{"@id":"https:\/\/pasqualarnella.com\/#organization"},"potentialAction":[{"@type":"SearchAction","target":{"@type":"EntryPoint","urlTemplate":"https:\/\/pasqualarnella.com\/?s={search_term_string}"},"query-input":{"@type":"PropertyValueSpecification","valueRequired":true,"valueName":"search_term_string"}}],"inLanguage":"es"},{"@type":"Organization","@id":"https:\/\/pasqualarnella.com\/#organization","name":"PasqualArnella","url":"https:\/\/pasqualarnella.com\/","logo":{"@type":"ImageObject","inLanguage":"es","@id":"https:\/\/pasqualarnella.com\/#\/schema\/logo\/image\/","url":"https:\/\/pasqualarnella.com\/wp-content\/uploads\/2023\/04\/pasqual-arnella-logo-black.svg","contentUrl":"https:\/\/pasqualarnella.com\/wp-content\/uploads\/2023\/04\/pasqual-arnella-logo-black.svg","caption":"PasqualArnella"},"image":{"@id":"https:\/\/pasqualarnella.com\/#\/schema\/logo\/image\/"}}]}},"_links":{"self":[{"href":"https:\/\/pasqualarnella.com\/es\/wp-json\/wp\/v2\/product\/5526","targetHints":{"allow":["GET"]}}],"collection":[{"href":"https:\/\/pasqualarnella.com\/es\/wp-json\/wp\/v2\/product"}],"about":[{"href":"https:\/\/pasqualarnella.com\/es\/wp-json\/wp\/v2\/types\/product"}],"replies":[{"embeddable":true,"href":"https:\/\/pasqualarnella.com\/es\/wp-json\/wp\/v2\/comments?post=5526"}],"version-history":[{"count":6,"href":"https:\/\/pasqualarnella.com\/es\/wp-json\/wp\/v2\/product\/5526\/revisions"}],"predecessor-version":[{"id":7985,"href":"https:\/\/pasqualarnella.com\/es\/wp-json\/wp\/v2\/product\/5526\/revisions\/7985"}],"wp:featuredmedia":[{"embeddable":true,"href":"https:\/\/pasqualarnella.com\/es\/wp-json\/wp\/v2\/media\/13015"}],"wp:attachment":[{"href":"https:\/\/pasqualarnella.com\/es\/wp-json\/wp\/v2\/media?parent=5526"}],"wp:term":[{"taxonomy":"product_brand","embeddable":true,"href":"https:\/\/pasqualarnella.com\/es\/wp-json\/wp\/v2\/product_brand?post=5526"},{"taxonomy":"product_cat","embeddable":true,"href":"https:\/\/pasqualarnella.com\/es\/wp-json\/wp\/v2\/product_cat?post=5526"},{"taxonomy":"product_tag","embeddable":true,"href":"https:\/\/pasqualarnella.com\/es\/wp-json\/wp\/v2\/product_tag?post=5526"},{"taxonomy":"gender-identity","embeddable":true,"href":"https:\/\/pasqualarnella.com\/es\/wp-json\/wp\/v2\/gender-identity?post=5526"},{"taxonomy":"collection","embeddable":true,"href":"https:\/\/pasqualarnella.com\/es\/wp-json\/wp\/v2\/collection?post=5526"},{"taxonomy":"pascual-arnella-tags","embeddable":true,"href":"https:\/\/pasqualarnella.com\/es\/wp-json\/wp\/v2\/pascual-arnella-tags?post=5526"}],"curies":[{"name":"wp","href":"https:\/\/api.w.org\/{rel}","templated":true}]}}