{"id":5564,"date":"2023-04-16T12:31:51","date_gmt":"2023-04-16T12:31:51","guid":{"rendered":"https:\/\/pascualarnella.c.wetopi.com\/product\/valira-female-torso-with-arms\/"},"modified":"2026-02-12T10:52:23","modified_gmt":"2026-02-12T10:52:23","slug":"valira-female-torso-with-arms","status":"publish","type":"product","link":"https:\/\/pasqualarnella.com\/es\/product\/valira-female-torso-with-arms\/","title":{"rendered":"VALIRA"},"content":{"rendered":"<p><b>TORSO DE MUJER CON BRAZOS<\/b><\/p>\n<p><span style=\"font-weight: 400;\">El busto femenino Valira combina una constituci\u00f3n atl\u00e9tica con un dise\u00f1o elegante, creando una pieza de exhibici\u00f3n impactante que resalta las mejores caracter\u00edsticas de la ropa deportiva y urbana.<br \/>\n<\/span><span style=\"font-weight: 400;\">El nombre Valira se inspira en el r\u00edo pirenaico, reflejando el car\u00e1cter fuerte y audaz de este torso.<br \/>\n<\/span><span style=\"font-weight: 400;\">Con dos modelos de cabezas opcionales disponibles para adaptarse a cada estilo.\u00a0<\/span><\/p>\n<p><span style=\"font-weight: 400;\">La versi\u00f3n masculina es nuestro tors<\/span>o <a href=\"https:\/\/pasqualarnella.com\/es\/product\/gento-male-torso-with-arms\/\"><i>Gento<\/i><\/a>.<\/p>\n<ul>\n<li style=\"font-weight: 400;\" aria-level=\"1\"><span style=\"font-weight: 400;\">Hecho con pasta de papel a partir de papel y cart\u00f3n reciclados.<\/span><\/li>\n<li style=\"font-weight: 400;\" aria-level=\"1\"><span style=\"font-weight: 400;\">Fabricado en Barcelona.<\/span><\/li>\n<li style=\"font-weight: 400;\" aria-level=\"1\"><span style=\"font-weight: 400;\">F\u00e1cil manejo gracias a las uniones magn\u00e9ticas.<\/span><\/li>\n<li style=\"font-weight: 400;\" aria-level=\"1\"><span style=\"font-weight: 400;\">Ligero, hasta un 50% menos que otros torsos del mercado.<\/span><\/li>\n<\/ul>\n","protected":false},"excerpt":{"rendered":"<p>TORSO DE MUJER CON BRAZOS El busto femenino Valira combina una constituci\u00f3n atl\u00e9tica con un dise\u00f1o elegante, creando una pieza de exhibici\u00f3n impactante que resalta las mejores caracter\u00edsticas de la ropa deportiva y urbana. El nombre Valira se inspira en el r\u00edo pirenaico, reflejando el car\u00e1cter fuerte y audaz de este torso. Con dos modelos [&hellip;]<\/p>\n","protected":false},"featured_media":7396,"comment_status":"open","ping_status":"closed","template":"","meta":{"_jet_sm_ready_style":"","_jet_sm_style":"","_jet_sm_controls_values":"","_jet_sm_fonts_collection":"","_jet_sm_fonts_links":""},"product_brand":[],"product_cat":[129],"product_tag":[],"gender-identity":[229],"collection":[132],"pascual-arnella-tags":[],"class_list":{"0":"post-5564","1":"product","2":"type-product","3":"status-publish","4":"has-post-thumbnail","6":"gender-identity-mujer","7":"collection-bustos-y-torsos","9":"first","10":"instock","11":"shipping-taxable","12":"product-type-simple"},"yoast_head":"<!-- This site is optimized with the Yoast SEO plugin v27.0 - https:\/\/yoast.com\/product\/yoast-seo-wordpress\/ -->\n<title>VALIRA - PasqualArnella<\/title>\n<meta name=\"robots\" content=\"index, follow, max-snippet:-1, max-image-preview:large, max-video-preview:-1\" \/>\n<link rel=\"canonical\" href=\"https:\/\/pasqualarnella.com\/product\/valira-female-torso-with-arms\/\" \/>\n<meta property=\"og:locale\" content=\"es_ES\" \/>\n<meta property=\"og:type\" content=\"article\" \/>\n<meta property=\"og:title\" content=\"VALIRA - PasqualArnella\" \/>\n<meta property=\"og:description\" content=\"TORSO DE MUJER CON BRAZOS El busto femenino Valira combina una constituci\u00f3n atl\u00e9tica con un dise\u00f1o elegante, creando una pieza de exhibici\u00f3n impactante que resalta las mejores caracter\u00edsticas de la ropa deportiva y urbana. El nombre Valira se inspira en el r\u00edo pirenaico, reflejando el car\u00e1cter fuerte y audaz de este torso. Con dos modelos [&hellip;]\" \/>\n<meta property=\"og:url\" content=\"https:\/\/pasqualarnella.com\/product\/valira-female-torso-with-arms\/\" \/>\n<meta property=\"og:site_name\" content=\"PasqualArnella\" \/>\n<meta property=\"article:modified_time\" content=\"2026-02-12T10:52:23+00:00\" \/>\n<meta property=\"og:image\" content=\"https:\/\/pasqualarnella.com\/wp-content\/uploads\/2023\/04\/VALIRA-BUSTO-P-1.jpg\" \/>\n\t<meta property=\"og:image:width\" content=\"914\" \/>\n\t<meta property=\"og:image:height\" content=\"1371\" \/>\n\t<meta property=\"og:image:type\" content=\"image\/jpeg\" \/>\n<meta name=\"twitter:card\" content=\"summary_large_image\" \/>\n<meta name=\"twitter:label1\" content=\"Tiempo de lectura\" \/>\n\t<meta name=\"twitter:data1\" content=\"1 minuto\" \/>\n<script type=\"application\/ld+json\" class=\"yoast-schema-graph\">{\"@context\":\"https:\/\/schema.org\",\"@graph\":[{\"@type\":\"WebPage\",\"@id\":\"https:\/\/pasqualarnella.com\/product\/valira-female-torso-with-arms\/\",\"url\":\"https:\/\/pasqualarnella.com\/product\/valira-female-torso-with-arms\/\",\"name\":\"VALIRA - PasqualArnella\",\"isPartOf\":{\"@id\":\"https:\/\/pasqualarnella.com\/#website\"},\"primaryImageOfPage\":{\"@id\":\"https:\/\/pasqualarnella.com\/product\/valira-female-torso-with-arms\/#primaryimage\"},\"image\":{\"@id\":\"https:\/\/pasqualarnella.com\/product\/valira-female-torso-with-arms\/#primaryimage\"},\"thumbnailUrl\":\"https:\/\/pasqualarnella.com\/wp-content\/uploads\/2023\/04\/VALIRA-BUSTO-P-1.jpg\",\"datePublished\":\"2023-04-16T12:31:51+00:00\",\"dateModified\":\"2026-02-12T10:52:23+00:00\",\"breadcrumb\":{\"@id\":\"https:\/\/pasqualarnella.com\/product\/valira-female-torso-with-arms\/#breadcrumb\"},\"inLanguage\":\"es\",\"potentialAction\":[{\"@type\":\"ReadAction\",\"target\":[\"https:\/\/pasqualarnella.com\/product\/valira-female-torso-with-arms\/\"]}]},{\"@type\":\"ImageObject\",\"inLanguage\":\"es\",\"@id\":\"https:\/\/pasqualarnella.com\/product\/valira-female-torso-with-arms\/#primaryimage\",\"url\":\"https:\/\/pasqualarnella.com\/wp-content\/uploads\/2023\/04\/VALIRA-BUSTO-P-1.jpg\",\"contentUrl\":\"https:\/\/pasqualarnella.com\/wp-content\/uploads\/2023\/04\/VALIRA-BUSTO-P-1.jpg\",\"width\":914,\"height\":1371},{\"@type\":\"BreadcrumbList\",\"@id\":\"https:\/\/pasqualarnella.com\/product\/valira-female-torso-with-arms\/#breadcrumb\",\"itemListElement\":[{\"@type\":\"ListItem\",\"position\":1,\"name\":\"Home\",\"item\":\"https:\/\/pasqualarnella.com\/\"},{\"@type\":\"ListItem\",\"position\":2,\"name\":\"Tienda\",\"item\":\"https:\/\/pasqualarnella.com\/es\/?page_id=5534\"},{\"@type\":\"ListItem\",\"position\":3,\"name\":\"COLLECTIONS\",\"item\":\"https:\/\/pasqualarnella.com\/collection\/collections\/\"},{\"@type\":\"ListItem\",\"position\":4,\"name\":\"BUSTS &amp; TORSOS\",\"item\":\"https:\/\/pasqualarnella.com\/collection\/busts-torsos\/\"},{\"@type\":\"ListItem\",\"position\":5,\"name\":\"VALIRA\"}]},{\"@type\":\"WebSite\",\"@id\":\"https:\/\/pasqualarnella.com\/#website\",\"url\":\"https:\/\/pasqualarnella.com\/\",\"name\":\"PasqualArnella\",\"description\":\"\",\"publisher\":{\"@id\":\"https:\/\/pasqualarnella.com\/#organization\"},\"potentialAction\":[{\"@type\":\"SearchAction\",\"target\":{\"@type\":\"EntryPoint\",\"urlTemplate\":\"https:\/\/pasqualarnella.com\/?s={search_term_string}\"},\"query-input\":{\"@type\":\"PropertyValueSpecification\",\"valueRequired\":true,\"valueName\":\"search_term_string\"}}],\"inLanguage\":\"es\"},{\"@type\":\"Organization\",\"@id\":\"https:\/\/pasqualarnella.com\/#organization\",\"name\":\"PasqualArnella\",\"url\":\"https:\/\/pasqualarnella.com\/\",\"logo\":{\"@type\":\"ImageObject\",\"inLanguage\":\"es\",\"@id\":\"https:\/\/pasqualarnella.com\/#\/schema\/logo\/image\/\",\"url\":\"https:\/\/pasqualarnella.com\/wp-content\/uploads\/2023\/04\/pasqual-arnella-logo-black.svg\",\"contentUrl\":\"https:\/\/pasqualarnella.com\/wp-content\/uploads\/2023\/04\/pasqual-arnella-logo-black.svg\",\"caption\":\"PasqualArnella\"},\"image\":{\"@id\":\"https:\/\/pasqualarnella.com\/#\/schema\/logo\/image\/\"}}]}<\/script>\n<!-- \/ Yoast SEO plugin. -->","yoast_head_json":{"title":"VALIRA - PasqualArnella","robots":{"index":"index","follow":"follow","max-snippet":"max-snippet:-1","max-image-preview":"max-image-preview:large","max-video-preview":"max-video-preview:-1"},"canonical":"https:\/\/pasqualarnella.com\/product\/valira-female-torso-with-arms\/","og_locale":"es_ES","og_type":"article","og_title":"VALIRA - PasqualArnella","og_description":"TORSO DE MUJER CON BRAZOS El busto femenino Valira combina una constituci\u00f3n atl\u00e9tica con un dise\u00f1o elegante, creando una pieza de exhibici\u00f3n impactante que resalta las mejores caracter\u00edsticas de la ropa deportiva y urbana. El nombre Valira se inspira en el r\u00edo pirenaico, reflejando el car\u00e1cter fuerte y audaz de este torso. Con dos modelos [&hellip;]","og_url":"https:\/\/pasqualarnella.com\/product\/valira-female-torso-with-arms\/","og_site_name":"PasqualArnella","article_modified_time":"2026-02-12T10:52:23+00:00","og_image":[{"width":914,"height":1371,"url":"https:\/\/pasqualarnella.com\/wp-content\/uploads\/2023\/04\/VALIRA-BUSTO-P-1.jpg","type":"image\/jpeg"}],"twitter_card":"summary_large_image","twitter_misc":{"Tiempo de lectura":"1 minuto"},"schema":{"@context":"https:\/\/schema.org","@graph":[{"@type":"WebPage","@id":"https:\/\/pasqualarnella.com\/product\/valira-female-torso-with-arms\/","url":"https:\/\/pasqualarnella.com\/product\/valira-female-torso-with-arms\/","name":"VALIRA - PasqualArnella","isPartOf":{"@id":"https:\/\/pasqualarnella.com\/#website"},"primaryImageOfPage":{"@id":"https:\/\/pasqualarnella.com\/product\/valira-female-torso-with-arms\/#primaryimage"},"image":{"@id":"https:\/\/pasqualarnella.com\/product\/valira-female-torso-with-arms\/#primaryimage"},"thumbnailUrl":"https:\/\/pasqualarnella.com\/wp-content\/uploads\/2023\/04\/VALIRA-BUSTO-P-1.jpg","datePublished":"2023-04-16T12:31:51+00:00","dateModified":"2026-02-12T10:52:23+00:00","breadcrumb":{"@id":"https:\/\/pasqualarnella.com\/product\/valira-female-torso-with-arms\/#breadcrumb"},"inLanguage":"es","potentialAction":[{"@type":"ReadAction","target":["https:\/\/pasqualarnella.com\/product\/valira-female-torso-with-arms\/"]}]},{"@type":"ImageObject","inLanguage":"es","@id":"https:\/\/pasqualarnella.com\/product\/valira-female-torso-with-arms\/#primaryimage","url":"https:\/\/pasqualarnella.com\/wp-content\/uploads\/2023\/04\/VALIRA-BUSTO-P-1.jpg","contentUrl":"https:\/\/pasqualarnella.com\/wp-content\/uploads\/2023\/04\/VALIRA-BUSTO-P-1.jpg","width":914,"height":1371},{"@type":"BreadcrumbList","@id":"https:\/\/pasqualarnella.com\/product\/valira-female-torso-with-arms\/#breadcrumb","itemListElement":[{"@type":"ListItem","position":1,"name":"Home","item":"https:\/\/pasqualarnella.com\/"},{"@type":"ListItem","position":2,"name":"Tienda","item":"https:\/\/pasqualarnella.com\/es\/?page_id=5534"},{"@type":"ListItem","position":3,"name":"COLLECTIONS","item":"https:\/\/pasqualarnella.com\/collection\/collections\/"},{"@type":"ListItem","position":4,"name":"BUSTS &amp; TORSOS","item":"https:\/\/pasqualarnella.com\/collection\/busts-torsos\/"},{"@type":"ListItem","position":5,"name":"VALIRA"}]},{"@type":"WebSite","@id":"https:\/\/pasqualarnella.com\/#website","url":"https:\/\/pasqualarnella.com\/","name":"PasqualArnella","description":"","publisher":{"@id":"https:\/\/pasqualarnella.com\/#organization"},"potentialAction":[{"@type":"SearchAction","target":{"@type":"EntryPoint","urlTemplate":"https:\/\/pasqualarnella.com\/?s={search_term_string}"},"query-input":{"@type":"PropertyValueSpecification","valueRequired":true,"valueName":"search_term_string"}}],"inLanguage":"es"},{"@type":"Organization","@id":"https:\/\/pasqualarnella.com\/#organization","name":"PasqualArnella","url":"https:\/\/pasqualarnella.com\/","logo":{"@type":"ImageObject","inLanguage":"es","@id":"https:\/\/pasqualarnella.com\/#\/schema\/logo\/image\/","url":"https:\/\/pasqualarnella.com\/wp-content\/uploads\/2023\/04\/pasqual-arnella-logo-black.svg","contentUrl":"https:\/\/pasqualarnella.com\/wp-content\/uploads\/2023\/04\/pasqual-arnella-logo-black.svg","caption":"PasqualArnella"},"image":{"@id":"https:\/\/pasqualarnella.com\/#\/schema\/logo\/image\/"}}]}},"_links":{"self":[{"href":"https:\/\/pasqualarnella.com\/es\/wp-json\/wp\/v2\/product\/5564","targetHints":{"allow":["GET"]}}],"collection":[{"href":"https:\/\/pasqualarnella.com\/es\/wp-json\/wp\/v2\/product"}],"about":[{"href":"https:\/\/pasqualarnella.com\/es\/wp-json\/wp\/v2\/types\/product"}],"replies":[{"embeddable":true,"href":"https:\/\/pasqualarnella.com\/es\/wp-json\/wp\/v2\/comments?post=5564"}],"version-history":[{"count":6,"href":"https:\/\/pasqualarnella.com\/es\/wp-json\/wp\/v2\/product\/5564\/revisions"}],"predecessor-version":[{"id":8018,"href":"https:\/\/pasqualarnella.com\/es\/wp-json\/wp\/v2\/product\/5564\/revisions\/8018"}],"wp:featuredmedia":[{"embeddable":true,"href":"https:\/\/pasqualarnella.com\/es\/wp-json\/wp\/v2\/media\/7396"}],"wp:attachment":[{"href":"https:\/\/pasqualarnella.com\/es\/wp-json\/wp\/v2\/media?parent=5564"}],"wp:term":[{"taxonomy":"product_brand","embeddable":true,"href":"https:\/\/pasqualarnella.com\/es\/wp-json\/wp\/v2\/product_brand?post=5564"},{"taxonomy":"product_cat","embeddable":true,"href":"https:\/\/pasqualarnella.com\/es\/wp-json\/wp\/v2\/product_cat?post=5564"},{"taxonomy":"product_tag","embeddable":true,"href":"https:\/\/pasqualarnella.com\/es\/wp-json\/wp\/v2\/product_tag?post=5564"},{"taxonomy":"gender-identity","embeddable":true,"href":"https:\/\/pasqualarnella.com\/es\/wp-json\/wp\/v2\/gender-identity?post=5564"},{"taxonomy":"collection","embeddable":true,"href":"https:\/\/pasqualarnella.com\/es\/wp-json\/wp\/v2\/collection?post=5564"},{"taxonomy":"pascual-arnella-tags","embeddable":true,"href":"https:\/\/pasqualarnella.com\/es\/wp-json\/wp\/v2\/pascual-arnella-tags?post=5564"}],"curies":[{"name":"wp","href":"https:\/\/api.w.org\/{rel}","templated":true}]}}