{"id":5618,"date":"2024-01-17T04:27:30","date_gmt":"2024-01-17T04:27:30","guid":{"rendered":"https:\/\/pascualarnella.c.wetopi.com\/product\/shasta-female-taylor-bust\/"},"modified":"2025-06-13T09:35:45","modified_gmt":"2025-06-13T09:35:45","slug":"shasta-female-taylor-bust","status":"publish","type":"product","link":"https:\/\/pasqualarnella.com\/es\/product\/shasta-female-taylor-bust\/","title":{"rendered":"SHASTA"},"content":{"rendered":"<p><b>BUSTO\u00a0CL\u00c1SICO DE MUJER<\/b><\/p>\n<p><span style=\"font-weight: 400;\">Shasta es nuestro busto de mujer de estilo sastrer\u00eda, un busto cl\u00e1sico que se distingue por su elegancia atemporal. Fabricado con pasta de papel reciclado, este busto <\/span><span style=\"font-weight: 400;\">femenino<\/span><span style=\"font-weight: 400;\"> cumple con los m\u00e1s altos est\u00e1ndares de responsabilidad ambiental.<br \/>\n<\/span>Su dise\u00f1o vers\u00e1til lo convierte en la opci\u00f3n ideal para exhibir una amplia variedad de prendas.<\/p>\n<p><span style=\"font-weight: 400;\">La versi\u00f3n masculina es nuestro torso <\/span><a href=\"https:\/\/pasqualarnella.com\/es\/product\/logan-male-classic-bust\/\"><i><span style=\"font-weight: 400;\">Logan<\/span><\/i><\/a><span style=\"font-weight: 400;\">.<\/span><\/p>\n<ul>\n<li style=\"font-weight: 400;\" aria-level=\"1\"><span style=\"font-weight: 400;\">Hecho con pasta de papel a partir de papel y cart\u00f3n reciclados.<\/span><\/li>\n<li style=\"font-weight: 400;\" aria-level=\"1\"><span style=\"font-weight: 400;\">Fabricado en Barcelona.<\/span><\/li>\n<li style=\"font-weight: 400;\" aria-level=\"1\"><span style=\"font-weight: 400;\">Ligero, hasta un 50% menos que otros torsos del mercado.<\/span><\/li>\n<\/ul>\n","protected":false},"excerpt":{"rendered":"<p>BUSTO\u00a0CL\u00c1SICO DE MUJER Shasta es nuestro busto de mujer de estilo sastrer\u00eda, un busto cl\u00e1sico que se distingue por su elegancia atemporal. Fabricado con pasta de papel reciclado, este busto femenino cumple con los m\u00e1s altos est\u00e1ndares de responsabilidad ambiental. Su dise\u00f1o vers\u00e1til lo convierte en la opci\u00f3n ideal para exhibir una amplia variedad de [&hellip;]<\/p>\n","protected":false},"featured_media":7582,"comment_status":"open","ping_status":"closed","template":"","meta":{"_jet_sm_ready_style":"","_jet_sm_style":"","_jet_sm_controls_values":"","_jet_sm_fonts_collection":"","_jet_sm_fonts_links":""},"product_brand":[],"product_cat":[129],"product_tag":[],"gender-identity":[],"collection":[132],"pascual-arnella-tags":[],"class_list":{"0":"post-5618","1":"product","2":"type-product","3":"status-publish","4":"has-post-thumbnail","6":"collection-bustos-y-torsos","8":"first","9":"instock","10":"shipping-taxable","11":"product-type-simple"},"yoast_head":"<!-- This site is optimized with the Yoast SEO plugin v27.0 - https:\/\/yoast.com\/product\/yoast-seo-wordpress\/ -->\n<title>SHASTA - PasqualArnella<\/title>\n<meta name=\"robots\" content=\"index, follow, max-snippet:-1, max-image-preview:large, max-video-preview:-1\" \/>\n<link rel=\"canonical\" href=\"https:\/\/pasqualarnella.com\/product\/shasta-female-taylor-bust\/\" \/>\n<meta property=\"og:locale\" content=\"es_ES\" \/>\n<meta property=\"og:type\" content=\"article\" \/>\n<meta property=\"og:title\" content=\"SHASTA - PasqualArnella\" \/>\n<meta property=\"og:description\" content=\"BUSTO\u00a0CL\u00c1SICO DE MUJER Shasta es nuestro busto de mujer de estilo sastrer\u00eda, un busto cl\u00e1sico que se distingue por su elegancia atemporal. Fabricado con pasta de papel reciclado, este busto femenino cumple con los m\u00e1s altos est\u00e1ndares de responsabilidad ambiental. Su dise\u00f1o vers\u00e1til lo convierte en la opci\u00f3n ideal para exhibir una amplia variedad de [&hellip;]\" \/>\n<meta property=\"og:url\" content=\"https:\/\/pasqualarnella.com\/product\/shasta-female-taylor-bust\/\" \/>\n<meta property=\"og:site_name\" content=\"PasqualArnella\" \/>\n<meta property=\"article:modified_time\" content=\"2025-06-13T09:35:45+00:00\" \/>\n<meta property=\"og:image\" content=\"https:\/\/pasqualarnella.com\/wp-content\/uploads\/2024\/01\/SHASTA-P-1.jpg\" \/>\n\t<meta property=\"og:image:width\" content=\"914\" \/>\n\t<meta property=\"og:image:height\" content=\"1371\" \/>\n\t<meta property=\"og:image:type\" content=\"image\/jpeg\" \/>\n<meta name=\"twitter:card\" content=\"summary_large_image\" \/>\n<meta name=\"twitter:label1\" content=\"Tiempo de lectura\" \/>\n\t<meta name=\"twitter:data1\" content=\"1 minuto\" \/>\n<script type=\"application\/ld+json\" class=\"yoast-schema-graph\">{\"@context\":\"https:\/\/schema.org\",\"@graph\":[{\"@type\":\"WebPage\",\"@id\":\"https:\/\/pasqualarnella.com\/product\/shasta-female-taylor-bust\/\",\"url\":\"https:\/\/pasqualarnella.com\/product\/shasta-female-taylor-bust\/\",\"name\":\"SHASTA - PasqualArnella\",\"isPartOf\":{\"@id\":\"https:\/\/pasqualarnella.com\/#website\"},\"primaryImageOfPage\":{\"@id\":\"https:\/\/pasqualarnella.com\/product\/shasta-female-taylor-bust\/#primaryimage\"},\"image\":{\"@id\":\"https:\/\/pasqualarnella.com\/product\/shasta-female-taylor-bust\/#primaryimage\"},\"thumbnailUrl\":\"https:\/\/pasqualarnella.com\/wp-content\/uploads\/2024\/01\/SHASTA-P-1.jpg\",\"datePublished\":\"2024-01-17T04:27:30+00:00\",\"dateModified\":\"2025-06-13T09:35:45+00:00\",\"breadcrumb\":{\"@id\":\"https:\/\/pasqualarnella.com\/product\/shasta-female-taylor-bust\/#breadcrumb\"},\"inLanguage\":\"es\",\"potentialAction\":[{\"@type\":\"ReadAction\",\"target\":[\"https:\/\/pasqualarnella.com\/product\/shasta-female-taylor-bust\/\"]}]},{\"@type\":\"ImageObject\",\"inLanguage\":\"es\",\"@id\":\"https:\/\/pasqualarnella.com\/product\/shasta-female-taylor-bust\/#primaryimage\",\"url\":\"https:\/\/pasqualarnella.com\/wp-content\/uploads\/2024\/01\/SHASTA-P-1.jpg\",\"contentUrl\":\"https:\/\/pasqualarnella.com\/wp-content\/uploads\/2024\/01\/SHASTA-P-1.jpg\",\"width\":914,\"height\":1371},{\"@type\":\"BreadcrumbList\",\"@id\":\"https:\/\/pasqualarnella.com\/product\/shasta-female-taylor-bust\/#breadcrumb\",\"itemListElement\":[{\"@type\":\"ListItem\",\"position\":1,\"name\":\"Home\",\"item\":\"https:\/\/pasqualarnella.com\/\"},{\"@type\":\"ListItem\",\"position\":2,\"name\":\"Tienda\",\"item\":\"https:\/\/pasqualarnella.com\/es\/?page_id=5534\"},{\"@type\":\"ListItem\",\"position\":3,\"name\":\"COLLECTIONS\",\"item\":\"https:\/\/pasqualarnella.com\/collection\/collections\/\"},{\"@type\":\"ListItem\",\"position\":4,\"name\":\"BUSTS &amp; TORSOS\",\"item\":\"https:\/\/pasqualarnella.com\/collection\/busts-torsos\/\"},{\"@type\":\"ListItem\",\"position\":5,\"name\":\"SHASTA\"}]},{\"@type\":\"WebSite\",\"@id\":\"https:\/\/pasqualarnella.com\/#website\",\"url\":\"https:\/\/pasqualarnella.com\/\",\"name\":\"PasqualArnella\",\"description\":\"\",\"publisher\":{\"@id\":\"https:\/\/pasqualarnella.com\/#organization\"},\"potentialAction\":[{\"@type\":\"SearchAction\",\"target\":{\"@type\":\"EntryPoint\",\"urlTemplate\":\"https:\/\/pasqualarnella.com\/?s={search_term_string}\"},\"query-input\":{\"@type\":\"PropertyValueSpecification\",\"valueRequired\":true,\"valueName\":\"search_term_string\"}}],\"inLanguage\":\"es\"},{\"@type\":\"Organization\",\"@id\":\"https:\/\/pasqualarnella.com\/#organization\",\"name\":\"PasqualArnella\",\"url\":\"https:\/\/pasqualarnella.com\/\",\"logo\":{\"@type\":\"ImageObject\",\"inLanguage\":\"es\",\"@id\":\"https:\/\/pasqualarnella.com\/#\/schema\/logo\/image\/\",\"url\":\"https:\/\/pasqualarnella.com\/wp-content\/uploads\/2023\/04\/pasqual-arnella-logo-black.svg\",\"contentUrl\":\"https:\/\/pasqualarnella.com\/wp-content\/uploads\/2023\/04\/pasqual-arnella-logo-black.svg\",\"caption\":\"PasqualArnella\"},\"image\":{\"@id\":\"https:\/\/pasqualarnella.com\/#\/schema\/logo\/image\/\"}}]}<\/script>\n<!-- \/ Yoast SEO plugin. -->","yoast_head_json":{"title":"SHASTA - PasqualArnella","robots":{"index":"index","follow":"follow","max-snippet":"max-snippet:-1","max-image-preview":"max-image-preview:large","max-video-preview":"max-video-preview:-1"},"canonical":"https:\/\/pasqualarnella.com\/product\/shasta-female-taylor-bust\/","og_locale":"es_ES","og_type":"article","og_title":"SHASTA - PasqualArnella","og_description":"BUSTO\u00a0CL\u00c1SICO DE MUJER Shasta es nuestro busto de mujer de estilo sastrer\u00eda, un busto cl\u00e1sico que se distingue por su elegancia atemporal. Fabricado con pasta de papel reciclado, este busto femenino cumple con los m\u00e1s altos est\u00e1ndares de responsabilidad ambiental. Su dise\u00f1o vers\u00e1til lo convierte en la opci\u00f3n ideal para exhibir una amplia variedad de [&hellip;]","og_url":"https:\/\/pasqualarnella.com\/product\/shasta-female-taylor-bust\/","og_site_name":"PasqualArnella","article_modified_time":"2025-06-13T09:35:45+00:00","og_image":[{"width":914,"height":1371,"url":"https:\/\/pasqualarnella.com\/wp-content\/uploads\/2024\/01\/SHASTA-P-1.jpg","type":"image\/jpeg"}],"twitter_card":"summary_large_image","twitter_misc":{"Tiempo de lectura":"1 minuto"},"schema":{"@context":"https:\/\/schema.org","@graph":[{"@type":"WebPage","@id":"https:\/\/pasqualarnella.com\/product\/shasta-female-taylor-bust\/","url":"https:\/\/pasqualarnella.com\/product\/shasta-female-taylor-bust\/","name":"SHASTA - PasqualArnella","isPartOf":{"@id":"https:\/\/pasqualarnella.com\/#website"},"primaryImageOfPage":{"@id":"https:\/\/pasqualarnella.com\/product\/shasta-female-taylor-bust\/#primaryimage"},"image":{"@id":"https:\/\/pasqualarnella.com\/product\/shasta-female-taylor-bust\/#primaryimage"},"thumbnailUrl":"https:\/\/pasqualarnella.com\/wp-content\/uploads\/2024\/01\/SHASTA-P-1.jpg","datePublished":"2024-01-17T04:27:30+00:00","dateModified":"2025-06-13T09:35:45+00:00","breadcrumb":{"@id":"https:\/\/pasqualarnella.com\/product\/shasta-female-taylor-bust\/#breadcrumb"},"inLanguage":"es","potentialAction":[{"@type":"ReadAction","target":["https:\/\/pasqualarnella.com\/product\/shasta-female-taylor-bust\/"]}]},{"@type":"ImageObject","inLanguage":"es","@id":"https:\/\/pasqualarnella.com\/product\/shasta-female-taylor-bust\/#primaryimage","url":"https:\/\/pasqualarnella.com\/wp-content\/uploads\/2024\/01\/SHASTA-P-1.jpg","contentUrl":"https:\/\/pasqualarnella.com\/wp-content\/uploads\/2024\/01\/SHASTA-P-1.jpg","width":914,"height":1371},{"@type":"BreadcrumbList","@id":"https:\/\/pasqualarnella.com\/product\/shasta-female-taylor-bust\/#breadcrumb","itemListElement":[{"@type":"ListItem","position":1,"name":"Home","item":"https:\/\/pasqualarnella.com\/"},{"@type":"ListItem","position":2,"name":"Tienda","item":"https:\/\/pasqualarnella.com\/es\/?page_id=5534"},{"@type":"ListItem","position":3,"name":"COLLECTIONS","item":"https:\/\/pasqualarnella.com\/collection\/collections\/"},{"@type":"ListItem","position":4,"name":"BUSTS &amp; TORSOS","item":"https:\/\/pasqualarnella.com\/collection\/busts-torsos\/"},{"@type":"ListItem","position":5,"name":"SHASTA"}]},{"@type":"WebSite","@id":"https:\/\/pasqualarnella.com\/#website","url":"https:\/\/pasqualarnella.com\/","name":"PasqualArnella","description":"","publisher":{"@id":"https:\/\/pasqualarnella.com\/#organization"},"potentialAction":[{"@type":"SearchAction","target":{"@type":"EntryPoint","urlTemplate":"https:\/\/pasqualarnella.com\/?s={search_term_string}"},"query-input":{"@type":"PropertyValueSpecification","valueRequired":true,"valueName":"search_term_string"}}],"inLanguage":"es"},{"@type":"Organization","@id":"https:\/\/pasqualarnella.com\/#organization","name":"PasqualArnella","url":"https:\/\/pasqualarnella.com\/","logo":{"@type":"ImageObject","inLanguage":"es","@id":"https:\/\/pasqualarnella.com\/#\/schema\/logo\/image\/","url":"https:\/\/pasqualarnella.com\/wp-content\/uploads\/2023\/04\/pasqual-arnella-logo-black.svg","contentUrl":"https:\/\/pasqualarnella.com\/wp-content\/uploads\/2023\/04\/pasqual-arnella-logo-black.svg","caption":"PasqualArnella"},"image":{"@id":"https:\/\/pasqualarnella.com\/#\/schema\/logo\/image\/"}}]}},"_links":{"self":[{"href":"https:\/\/pasqualarnella.com\/es\/wp-json\/wp\/v2\/product\/5618","targetHints":{"allow":["GET"]}}],"collection":[{"href":"https:\/\/pasqualarnella.com\/es\/wp-json\/wp\/v2\/product"}],"about":[{"href":"https:\/\/pasqualarnella.com\/es\/wp-json\/wp\/v2\/types\/product"}],"replies":[{"embeddable":true,"href":"https:\/\/pasqualarnella.com\/es\/wp-json\/wp\/v2\/comments?post=5618"}],"version-history":[{"count":4,"href":"https:\/\/pasqualarnella.com\/es\/wp-json\/wp\/v2\/product\/5618\/revisions"}],"predecessor-version":[{"id":7593,"href":"https:\/\/pasqualarnella.com\/es\/wp-json\/wp\/v2\/product\/5618\/revisions\/7593"}],"wp:featuredmedia":[{"embeddable":true,"href":"https:\/\/pasqualarnella.com\/es\/wp-json\/wp\/v2\/media\/7582"}],"wp:attachment":[{"href":"https:\/\/pasqualarnella.com\/es\/wp-json\/wp\/v2\/media?parent=5618"}],"wp:term":[{"taxonomy":"product_brand","embeddable":true,"href":"https:\/\/pasqualarnella.com\/es\/wp-json\/wp\/v2\/product_brand?post=5618"},{"taxonomy":"product_cat","embeddable":true,"href":"https:\/\/pasqualarnella.com\/es\/wp-json\/wp\/v2\/product_cat?post=5618"},{"taxonomy":"product_tag","embeddable":true,"href":"https:\/\/pasqualarnella.com\/es\/wp-json\/wp\/v2\/product_tag?post=5618"},{"taxonomy":"gender-identity","embeddable":true,"href":"https:\/\/pasqualarnella.com\/es\/wp-json\/wp\/v2\/gender-identity?post=5618"},{"taxonomy":"collection","embeddable":true,"href":"https:\/\/pasqualarnella.com\/es\/wp-json\/wp\/v2\/collection?post=5618"},{"taxonomy":"pascual-arnella-tags","embeddable":true,"href":"https:\/\/pasqualarnella.com\/es\/wp-json\/wp\/v2\/pascual-arnella-tags?post=5618"}],"curies":[{"name":"wp","href":"https:\/\/api.w.org\/{rel}","templated":true}]}}