{"id":5623,"date":"2024-01-17T08:19:52","date_gmt":"2024-01-17T08:19:52","guid":{"rendered":"https:\/\/pascualarnella.c.wetopi.com\/product\/aran-male-kid-torso-with-arms\/"},"modified":"2025-06-13T09:36:51","modified_gmt":"2025-06-13T09:36:51","slug":"aran-male-kid-torso-with-arms","status":"publish","type":"product","link":"https:\/\/pasqualarnella.com\/es\/product\/aran-male-kid-torso-with-arms\/","title":{"rendered":"ARAN"},"content":{"rendered":"<p><b>TORSO DE NI\u00d1O CON BRAZOS<\/b><\/p>\n<p><span style=\"font-weight: 400;\">Aran es nuestro torso de ni\u00f1o con brazos, perfecto para exhibir moda infantil. Nombrado en honor al precioso Valle de Ar\u00e1n, en el Pirineo Catal\u00e1n, este torso destaca por su encanto, naturalidad y la sostenibilidad de sus materiales.<\/span><\/p>\n<ul>\n<li style=\"font-weight: 400;\" aria-level=\"1\"><span style=\"font-weight: 400;\">Hecho con pasta de papel a partir de papel y cart\u00f3n reciclados.<\/span><\/li>\n<li style=\"font-weight: 400;\" aria-level=\"1\"><span style=\"font-weight: 400;\">Fabricado en Barcelona.<\/span><\/li>\n<li style=\"font-weight: 400;\" aria-level=\"1\"><span style=\"font-weight: 400;\">F\u00e1cil manejo gracias a las uniones magn\u00e9ticas.<\/span><\/li>\n<li style=\"font-weight: 400;\" aria-level=\"1\"><span style=\"font-weight: 400;\">Ligero, hasta un 50% menos que otros torsos del mercado.<\/span><\/li>\n<\/ul>\n","protected":false},"excerpt":{"rendered":"<p>TORSO DE NI\u00d1O CON BRAZOS Aran es nuestro torso de ni\u00f1o con brazos, perfecto para exhibir moda infantil. Nombrado en honor al precioso Valle de Ar\u00e1n, en el Pirineo Catal\u00e1n, este torso destaca por su encanto, naturalidad y la sostenibilidad de sus materiales. Hecho con pasta de papel a partir de papel y cart\u00f3n reciclados. [&hellip;]<\/p>\n","protected":false},"featured_media":7597,"comment_status":"open","ping_status":"closed","template":"","meta":{"_jet_sm_ready_style":"","_jet_sm_style":"","_jet_sm_controls_values":"","_jet_sm_fonts_collection":"","_jet_sm_fonts_links":""},"product_brand":[],"product_cat":[129],"product_tag":[],"gender-identity":[],"collection":[132],"pascual-arnella-tags":[],"class_list":{"0":"post-5623","1":"product","2":"type-product","3":"status-publish","4":"has-post-thumbnail","6":"collection-bustos-y-torsos","8":"first","9":"instock","10":"shipping-taxable","11":"product-type-simple"},"yoast_head":"<!-- This site is optimized with the Yoast SEO plugin v27.0 - https:\/\/yoast.com\/product\/yoast-seo-wordpress\/ -->\n<title>ARAN - PasqualArnella<\/title>\n<meta name=\"robots\" content=\"index, follow, max-snippet:-1, max-image-preview:large, max-video-preview:-1\" \/>\n<link rel=\"canonical\" href=\"https:\/\/pasqualarnella.com\/product\/aran-male-kid-torso-with-arms\/\" \/>\n<meta property=\"og:locale\" content=\"es_ES\" \/>\n<meta property=\"og:type\" content=\"article\" \/>\n<meta property=\"og:title\" content=\"ARAN - PasqualArnella\" \/>\n<meta property=\"og:description\" content=\"TORSO DE NI\u00d1O CON BRAZOS Aran es nuestro torso de ni\u00f1o con brazos, perfecto para exhibir moda infantil. Nombrado en honor al precioso Valle de Ar\u00e1n, en el Pirineo Catal\u00e1n, este torso destaca por su encanto, naturalidad y la sostenibilidad de sus materiales. Hecho con pasta de papel a partir de papel y cart\u00f3n reciclados. [&hellip;]\" \/>\n<meta property=\"og:url\" content=\"https:\/\/pasqualarnella.com\/product\/aran-male-kid-torso-with-arms\/\" \/>\n<meta property=\"og:site_name\" content=\"PasqualArnella\" \/>\n<meta property=\"article:modified_time\" content=\"2025-06-13T09:36:51+00:00\" \/>\n<meta property=\"og:image\" content=\"https:\/\/pasqualarnella.com\/wp-content\/uploads\/2024\/01\/ARAN-BUSTOS-P-1.jpg\" \/>\n\t<meta property=\"og:image:width\" content=\"914\" \/>\n\t<meta property=\"og:image:height\" content=\"1371\" \/>\n\t<meta property=\"og:image:type\" content=\"image\/jpeg\" \/>\n<meta name=\"twitter:card\" content=\"summary_large_image\" \/>\n<meta name=\"twitter:label1\" content=\"Tiempo de lectura\" \/>\n\t<meta name=\"twitter:data1\" content=\"1 minuto\" \/>\n<script type=\"application\/ld+json\" class=\"yoast-schema-graph\">{\"@context\":\"https:\/\/schema.org\",\"@graph\":[{\"@type\":\"WebPage\",\"@id\":\"https:\/\/pasqualarnella.com\/product\/aran-male-kid-torso-with-arms\/\",\"url\":\"https:\/\/pasqualarnella.com\/product\/aran-male-kid-torso-with-arms\/\",\"name\":\"ARAN - PasqualArnella\",\"isPartOf\":{\"@id\":\"https:\/\/pasqualarnella.com\/#website\"},\"primaryImageOfPage\":{\"@id\":\"https:\/\/pasqualarnella.com\/product\/aran-male-kid-torso-with-arms\/#primaryimage\"},\"image\":{\"@id\":\"https:\/\/pasqualarnella.com\/product\/aran-male-kid-torso-with-arms\/#primaryimage\"},\"thumbnailUrl\":\"https:\/\/pasqualarnella.com\/wp-content\/uploads\/2024\/01\/ARAN-BUSTOS-P-1.jpg\",\"datePublished\":\"2024-01-17T08:19:52+00:00\",\"dateModified\":\"2025-06-13T09:36:51+00:00\",\"breadcrumb\":{\"@id\":\"https:\/\/pasqualarnella.com\/product\/aran-male-kid-torso-with-arms\/#breadcrumb\"},\"inLanguage\":\"es\",\"potentialAction\":[{\"@type\":\"ReadAction\",\"target\":[\"https:\/\/pasqualarnella.com\/product\/aran-male-kid-torso-with-arms\/\"]}]},{\"@type\":\"ImageObject\",\"inLanguage\":\"es\",\"@id\":\"https:\/\/pasqualarnella.com\/product\/aran-male-kid-torso-with-arms\/#primaryimage\",\"url\":\"https:\/\/pasqualarnella.com\/wp-content\/uploads\/2024\/01\/ARAN-BUSTOS-P-1.jpg\",\"contentUrl\":\"https:\/\/pasqualarnella.com\/wp-content\/uploads\/2024\/01\/ARAN-BUSTOS-P-1.jpg\",\"width\":914,\"height\":1371},{\"@type\":\"BreadcrumbList\",\"@id\":\"https:\/\/pasqualarnella.com\/product\/aran-male-kid-torso-with-arms\/#breadcrumb\",\"itemListElement\":[{\"@type\":\"ListItem\",\"position\":1,\"name\":\"Home\",\"item\":\"https:\/\/pasqualarnella.com\/\"},{\"@type\":\"ListItem\",\"position\":2,\"name\":\"Tienda\",\"item\":\"https:\/\/pasqualarnella.com\/es\/?page_id=5534\"},{\"@type\":\"ListItem\",\"position\":3,\"name\":\"COLLECTIONS\",\"item\":\"https:\/\/pasqualarnella.com\/collection\/collections\/\"},{\"@type\":\"ListItem\",\"position\":4,\"name\":\"BUSTS &amp; TORSOS\",\"item\":\"https:\/\/pasqualarnella.com\/collection\/busts-torsos\/\"},{\"@type\":\"ListItem\",\"position\":5,\"name\":\"ARAN\"}]},{\"@type\":\"WebSite\",\"@id\":\"https:\/\/pasqualarnella.com\/#website\",\"url\":\"https:\/\/pasqualarnella.com\/\",\"name\":\"PasqualArnella\",\"description\":\"\",\"publisher\":{\"@id\":\"https:\/\/pasqualarnella.com\/#organization\"},\"potentialAction\":[{\"@type\":\"SearchAction\",\"target\":{\"@type\":\"EntryPoint\",\"urlTemplate\":\"https:\/\/pasqualarnella.com\/?s={search_term_string}\"},\"query-input\":{\"@type\":\"PropertyValueSpecification\",\"valueRequired\":true,\"valueName\":\"search_term_string\"}}],\"inLanguage\":\"es\"},{\"@type\":\"Organization\",\"@id\":\"https:\/\/pasqualarnella.com\/#organization\",\"name\":\"PasqualArnella\",\"url\":\"https:\/\/pasqualarnella.com\/\",\"logo\":{\"@type\":\"ImageObject\",\"inLanguage\":\"es\",\"@id\":\"https:\/\/pasqualarnella.com\/#\/schema\/logo\/image\/\",\"url\":\"https:\/\/pasqualarnella.com\/wp-content\/uploads\/2023\/04\/pasqual-arnella-logo-black.svg\",\"contentUrl\":\"https:\/\/pasqualarnella.com\/wp-content\/uploads\/2023\/04\/pasqual-arnella-logo-black.svg\",\"caption\":\"PasqualArnella\"},\"image\":{\"@id\":\"https:\/\/pasqualarnella.com\/#\/schema\/logo\/image\/\"}}]}<\/script>\n<!-- \/ Yoast SEO plugin. -->","yoast_head_json":{"title":"ARAN - PasqualArnella","robots":{"index":"index","follow":"follow","max-snippet":"max-snippet:-1","max-image-preview":"max-image-preview:large","max-video-preview":"max-video-preview:-1"},"canonical":"https:\/\/pasqualarnella.com\/product\/aran-male-kid-torso-with-arms\/","og_locale":"es_ES","og_type":"article","og_title":"ARAN - PasqualArnella","og_description":"TORSO DE NI\u00d1O CON BRAZOS Aran es nuestro torso de ni\u00f1o con brazos, perfecto para exhibir moda infantil. Nombrado en honor al precioso Valle de Ar\u00e1n, en el Pirineo Catal\u00e1n, este torso destaca por su encanto, naturalidad y la sostenibilidad de sus materiales. Hecho con pasta de papel a partir de papel y cart\u00f3n reciclados. [&hellip;]","og_url":"https:\/\/pasqualarnella.com\/product\/aran-male-kid-torso-with-arms\/","og_site_name":"PasqualArnella","article_modified_time":"2025-06-13T09:36:51+00:00","og_image":[{"width":914,"height":1371,"url":"https:\/\/pasqualarnella.com\/wp-content\/uploads\/2024\/01\/ARAN-BUSTOS-P-1.jpg","type":"image\/jpeg"}],"twitter_card":"summary_large_image","twitter_misc":{"Tiempo de lectura":"1 minuto"},"schema":{"@context":"https:\/\/schema.org","@graph":[{"@type":"WebPage","@id":"https:\/\/pasqualarnella.com\/product\/aran-male-kid-torso-with-arms\/","url":"https:\/\/pasqualarnella.com\/product\/aran-male-kid-torso-with-arms\/","name":"ARAN - PasqualArnella","isPartOf":{"@id":"https:\/\/pasqualarnella.com\/#website"},"primaryImageOfPage":{"@id":"https:\/\/pasqualarnella.com\/product\/aran-male-kid-torso-with-arms\/#primaryimage"},"image":{"@id":"https:\/\/pasqualarnella.com\/product\/aran-male-kid-torso-with-arms\/#primaryimage"},"thumbnailUrl":"https:\/\/pasqualarnella.com\/wp-content\/uploads\/2024\/01\/ARAN-BUSTOS-P-1.jpg","datePublished":"2024-01-17T08:19:52+00:00","dateModified":"2025-06-13T09:36:51+00:00","breadcrumb":{"@id":"https:\/\/pasqualarnella.com\/product\/aran-male-kid-torso-with-arms\/#breadcrumb"},"inLanguage":"es","potentialAction":[{"@type":"ReadAction","target":["https:\/\/pasqualarnella.com\/product\/aran-male-kid-torso-with-arms\/"]}]},{"@type":"ImageObject","inLanguage":"es","@id":"https:\/\/pasqualarnella.com\/product\/aran-male-kid-torso-with-arms\/#primaryimage","url":"https:\/\/pasqualarnella.com\/wp-content\/uploads\/2024\/01\/ARAN-BUSTOS-P-1.jpg","contentUrl":"https:\/\/pasqualarnella.com\/wp-content\/uploads\/2024\/01\/ARAN-BUSTOS-P-1.jpg","width":914,"height":1371},{"@type":"BreadcrumbList","@id":"https:\/\/pasqualarnella.com\/product\/aran-male-kid-torso-with-arms\/#breadcrumb","itemListElement":[{"@type":"ListItem","position":1,"name":"Home","item":"https:\/\/pasqualarnella.com\/"},{"@type":"ListItem","position":2,"name":"Tienda","item":"https:\/\/pasqualarnella.com\/es\/?page_id=5534"},{"@type":"ListItem","position":3,"name":"COLLECTIONS","item":"https:\/\/pasqualarnella.com\/collection\/collections\/"},{"@type":"ListItem","position":4,"name":"BUSTS &amp; TORSOS","item":"https:\/\/pasqualarnella.com\/collection\/busts-torsos\/"},{"@type":"ListItem","position":5,"name":"ARAN"}]},{"@type":"WebSite","@id":"https:\/\/pasqualarnella.com\/#website","url":"https:\/\/pasqualarnella.com\/","name":"PasqualArnella","description":"","publisher":{"@id":"https:\/\/pasqualarnella.com\/#organization"},"potentialAction":[{"@type":"SearchAction","target":{"@type":"EntryPoint","urlTemplate":"https:\/\/pasqualarnella.com\/?s={search_term_string}"},"query-input":{"@type":"PropertyValueSpecification","valueRequired":true,"valueName":"search_term_string"}}],"inLanguage":"es"},{"@type":"Organization","@id":"https:\/\/pasqualarnella.com\/#organization","name":"PasqualArnella","url":"https:\/\/pasqualarnella.com\/","logo":{"@type":"ImageObject","inLanguage":"es","@id":"https:\/\/pasqualarnella.com\/#\/schema\/logo\/image\/","url":"https:\/\/pasqualarnella.com\/wp-content\/uploads\/2023\/04\/pasqual-arnella-logo-black.svg","contentUrl":"https:\/\/pasqualarnella.com\/wp-content\/uploads\/2023\/04\/pasqual-arnella-logo-black.svg","caption":"PasqualArnella"},"image":{"@id":"https:\/\/pasqualarnella.com\/#\/schema\/logo\/image\/"}}]}},"_links":{"self":[{"href":"https:\/\/pasqualarnella.com\/es\/wp-json\/wp\/v2\/product\/5623","targetHints":{"allow":["GET"]}}],"collection":[{"href":"https:\/\/pasqualarnella.com\/es\/wp-json\/wp\/v2\/product"}],"about":[{"href":"https:\/\/pasqualarnella.com\/es\/wp-json\/wp\/v2\/types\/product"}],"replies":[{"embeddable":true,"href":"https:\/\/pasqualarnella.com\/es\/wp-json\/wp\/v2\/comments?post=5623"}],"version-history":[{"count":3,"href":"https:\/\/pasqualarnella.com\/es\/wp-json\/wp\/v2\/product\/5623\/revisions"}],"predecessor-version":[{"id":7611,"href":"https:\/\/pasqualarnella.com\/es\/wp-json\/wp\/v2\/product\/5623\/revisions\/7611"}],"wp:featuredmedia":[{"embeddable":true,"href":"https:\/\/pasqualarnella.com\/es\/wp-json\/wp\/v2\/media\/7597"}],"wp:attachment":[{"href":"https:\/\/pasqualarnella.com\/es\/wp-json\/wp\/v2\/media?parent=5623"}],"wp:term":[{"taxonomy":"product_brand","embeddable":true,"href":"https:\/\/pasqualarnella.com\/es\/wp-json\/wp\/v2\/product_brand?post=5623"},{"taxonomy":"product_cat","embeddable":true,"href":"https:\/\/pasqualarnella.com\/es\/wp-json\/wp\/v2\/product_cat?post=5623"},{"taxonomy":"product_tag","embeddable":true,"href":"https:\/\/pasqualarnella.com\/es\/wp-json\/wp\/v2\/product_tag?post=5623"},{"taxonomy":"gender-identity","embeddable":true,"href":"https:\/\/pasqualarnella.com\/es\/wp-json\/wp\/v2\/gender-identity?post=5623"},{"taxonomy":"collection","embeddable":true,"href":"https:\/\/pasqualarnella.com\/es\/wp-json\/wp\/v2\/collection?post=5623"},{"taxonomy":"pascual-arnella-tags","embeddable":true,"href":"https:\/\/pasqualarnella.com\/es\/wp-json\/wp\/v2\/pascual-arnella-tags?post=5623"}],"curies":[{"name":"wp","href":"https:\/\/api.w.org\/{rel}","templated":true}]}}