{"id":5626,"date":"2024-01-19T07:10:15","date_gmt":"2024-01-19T07:10:15","guid":{"rendered":"https:\/\/pascualarnella.c.wetopi.com\/product\/andes-male-legs\/"},"modified":"2025-06-16T08:40:16","modified_gmt":"2025-06-16T08:40:16","slug":"andes-male-legs","status":"publish","type":"product","link":"https:\/\/pasqualarnella.com\/es\/product\/andes-male-legs\/","title":{"rendered":"ANDES MALE"},"content":{"rendered":"<p><b>PIERNAS DE HOMBRE<\/b><\/p>\n<p><span style=\"font-weight: 400;\">Nuestras piernas masculinas Andes aportan un estilo din\u00e1mico y versatilidad a tus exhibiciones.<br \/>\n<\/span><span style=\"font-weight: 400;\">Dise\u00f1adas con la posici\u00f3n natural al caminar, Andes es perfecto para exponer todo <\/span><span style=\"font-weight: 400;\">tipo<\/span><span style=\"font-weight: 400;\"> de prendas inferiores (tejanos, shorts, pantalones largos, mallas, etc).<\/span><\/p>\n<p><span style=\"font-weight: 400;\">Estas piernas pueden colgarse del techo utilizando mosquetones o ganchos.<br \/>\n<\/span><span style=\"font-weight: 400;\">Son desmontables, lo que permite usarlas tambi\u00e9n como expositor de cadera, ofreciendo flexibilidad para diferentes necesidades de exhibici\u00f3n.<\/span><\/p>\n<ul>\n<li style=\"font-weight: 400;\" aria-level=\"1\"><span style=\"font-weight: 400;\">Hecho con pasta de papel a partir de papel y cart\u00f3n reciclados.<\/span><\/li>\n<li style=\"font-weight: 400;\" aria-level=\"1\"><span style=\"font-weight: 400;\">Fabricado en Barcelona.<\/span><\/li>\n<li style=\"font-weight: 400;\" aria-level=\"1\"><span style=\"font-weight: 400;\">Ligero, hasta un 50% menos que otras piernas de maniqu\u00ed del mercado<\/span><\/li>\n<li style=\"font-weight: 400;\" aria-level=\"1\"><span style=\"font-weight: 400;\"><a href=\"https:\/\/pasqualarnella.com\/es\/product\/andes-female-legs\/\">Piernas de mujer disponibles<\/a>.<\/span><\/li>\n<\/ul>\n","protected":false},"excerpt":{"rendered":"<p>PIERNAS DE HOMBRE Nuestras piernas masculinas Andes aportan un estilo din\u00e1mico y versatilidad a tus exhibiciones. Dise\u00f1adas con la posici\u00f3n natural al caminar, Andes es perfecto para exponer todo tipo de prendas inferiores (tejanos, shorts, pantalones largos, mallas, etc). Estas piernas pueden colgarse del techo utilizando mosquetones o ganchos. Son desmontables, lo que permite usarlas [&hellip;]<\/p>\n","protected":false},"featured_media":7618,"comment_status":"open","ping_status":"closed","template":"","meta":{"_jet_sm_ready_style":"","_jet_sm_style":"","_jet_sm_controls_values":"","_jet_sm_fonts_collection":"","_jet_sm_fonts_links":""},"product_brand":[],"product_cat":[129],"product_tag":[],"gender-identity":[],"collection":[142],"pascual-arnella-tags":[],"class_list":{"0":"post-5626","1":"product","2":"type-product","3":"status-publish","4":"has-post-thumbnail","6":"collection-piernas-y-pies","8":"first","9":"instock","10":"shipping-taxable","11":"product-type-simple"},"yoast_head":"<!-- This site is optimized with the Yoast SEO plugin v27.0 - https:\/\/yoast.com\/product\/yoast-seo-wordpress\/ -->\n<title>ANDES MALE - PasqualArnella<\/title>\n<meta name=\"robots\" content=\"index, follow, max-snippet:-1, max-image-preview:large, max-video-preview:-1\" \/>\n<link rel=\"canonical\" href=\"https:\/\/pasqualarnella.com\/es\/product\/andes-male-legs\/\" \/>\n<meta property=\"og:locale\" content=\"es_ES\" \/>\n<meta property=\"og:type\" content=\"article\" \/>\n<meta property=\"og:title\" content=\"ANDES MALE - PasqualArnella\" \/>\n<meta property=\"og:description\" content=\"PIERNAS DE HOMBRE Nuestras piernas masculinas Andes aportan un estilo din\u00e1mico y versatilidad a tus exhibiciones. Dise\u00f1adas con la posici\u00f3n natural al caminar, Andes es perfecto para exponer todo tipo de prendas inferiores (tejanos, shorts, pantalones largos, mallas, etc). Estas piernas pueden colgarse del techo utilizando mosquetones o ganchos. Son desmontables, lo que permite usarlas [&hellip;]\" \/>\n<meta property=\"og:url\" content=\"https:\/\/pasqualarnella.com\/es\/product\/andes-male-legs\/\" \/>\n<meta property=\"og:site_name\" content=\"PasqualArnella\" \/>\n<meta property=\"article:modified_time\" content=\"2025-06-16T08:40:16+00:00\" \/>\n<meta property=\"og:image\" content=\"https:\/\/pasqualarnella.com\/wp-content\/uploads\/2024\/01\/M-ANDES-P-1.jpg\" \/>\n\t<meta property=\"og:image:width\" content=\"914\" \/>\n\t<meta property=\"og:image:height\" content=\"1371\" \/>\n\t<meta property=\"og:image:type\" content=\"image\/jpeg\" \/>\n<meta name=\"twitter:card\" content=\"summary_large_image\" \/>\n<meta name=\"twitter:label1\" content=\"Tiempo de lectura\" \/>\n\t<meta name=\"twitter:data1\" content=\"1 minuto\" \/>\n<script type=\"application\/ld+json\" class=\"yoast-schema-graph\">{\"@context\":\"https:\/\/schema.org\",\"@graph\":[{\"@type\":\"WebPage\",\"@id\":\"https:\/\/pasqualarnella.com\/es\/product\/andes-male-legs\/\",\"url\":\"https:\/\/pasqualarnella.com\/es\/product\/andes-male-legs\/\",\"name\":\"ANDES MALE - PasqualArnella\",\"isPartOf\":{\"@id\":\"https:\/\/pasqualarnella.com\/#website\"},\"primaryImageOfPage\":{\"@id\":\"https:\/\/pasqualarnella.com\/es\/product\/andes-male-legs\/#primaryimage\"},\"image\":{\"@id\":\"https:\/\/pasqualarnella.com\/es\/product\/andes-male-legs\/#primaryimage\"},\"thumbnailUrl\":\"https:\/\/pasqualarnella.com\/wp-content\/uploads\/2024\/01\/M-ANDES-P-1.jpg\",\"datePublished\":\"2024-01-19T07:10:15+00:00\",\"dateModified\":\"2025-06-16T08:40:16+00:00\",\"breadcrumb\":{\"@id\":\"https:\/\/pasqualarnella.com\/es\/product\/andes-male-legs\/#breadcrumb\"},\"inLanguage\":\"es\",\"potentialAction\":[{\"@type\":\"ReadAction\",\"target\":[\"https:\/\/pasqualarnella.com\/es\/product\/andes-male-legs\/\"]}]},{\"@type\":\"ImageObject\",\"inLanguage\":\"es\",\"@id\":\"https:\/\/pasqualarnella.com\/es\/product\/andes-male-legs\/#primaryimage\",\"url\":\"https:\/\/pasqualarnella.com\/wp-content\/uploads\/2024\/01\/M-ANDES-P-1.jpg\",\"contentUrl\":\"https:\/\/pasqualarnella.com\/wp-content\/uploads\/2024\/01\/M-ANDES-P-1.jpg\",\"width\":914,\"height\":1371},{\"@type\":\"BreadcrumbList\",\"@id\":\"https:\/\/pasqualarnella.com\/es\/product\/andes-male-legs\/#breadcrumb\",\"itemListElement\":[{\"@type\":\"ListItem\",\"position\":1,\"name\":\"Home\",\"item\":\"https:\/\/pasqualarnella.com\/\"},{\"@type\":\"ListItem\",\"position\":2,\"name\":\"Tienda\",\"item\":\"https:\/\/pasqualarnella.com\/es\/?page_id=5534\"},{\"@type\":\"ListItem\",\"position\":3,\"name\":\"COLECCIONES\",\"item\":\"https:\/\/pasqualarnella.com\/es\/collection\/colecciones\/\"},{\"@type\":\"ListItem\",\"position\":4,\"name\":\"LEGS &amp; FOOT DISPLAYS\",\"item\":\"https:\/\/pasqualarnella.com\/collection\/legs-foot-displays\/\"},{\"@type\":\"ListItem\",\"position\":5,\"name\":\"ANDES MALE\"}]},{\"@type\":\"WebSite\",\"@id\":\"https:\/\/pasqualarnella.com\/#website\",\"url\":\"https:\/\/pasqualarnella.com\/\",\"name\":\"PasqualArnella\",\"description\":\"\",\"publisher\":{\"@id\":\"https:\/\/pasqualarnella.com\/#organization\"},\"potentialAction\":[{\"@type\":\"SearchAction\",\"target\":{\"@type\":\"EntryPoint\",\"urlTemplate\":\"https:\/\/pasqualarnella.com\/?s={search_term_string}\"},\"query-input\":{\"@type\":\"PropertyValueSpecification\",\"valueRequired\":true,\"valueName\":\"search_term_string\"}}],\"inLanguage\":\"es\"},{\"@type\":\"Organization\",\"@id\":\"https:\/\/pasqualarnella.com\/#organization\",\"name\":\"PasqualArnella\",\"url\":\"https:\/\/pasqualarnella.com\/\",\"logo\":{\"@type\":\"ImageObject\",\"inLanguage\":\"es\",\"@id\":\"https:\/\/pasqualarnella.com\/#\/schema\/logo\/image\/\",\"url\":\"https:\/\/pasqualarnella.com\/wp-content\/uploads\/2023\/04\/pasqual-arnella-logo-black.svg\",\"contentUrl\":\"https:\/\/pasqualarnella.com\/wp-content\/uploads\/2023\/04\/pasqual-arnella-logo-black.svg\",\"caption\":\"PasqualArnella\"},\"image\":{\"@id\":\"https:\/\/pasqualarnella.com\/#\/schema\/logo\/image\/\"}}]}<\/script>\n<!-- \/ Yoast SEO plugin. -->","yoast_head_json":{"title":"ANDES MALE - PasqualArnella","robots":{"index":"index","follow":"follow","max-snippet":"max-snippet:-1","max-image-preview":"max-image-preview:large","max-video-preview":"max-video-preview:-1"},"canonical":"https:\/\/pasqualarnella.com\/es\/product\/andes-male-legs\/","og_locale":"es_ES","og_type":"article","og_title":"ANDES MALE - PasqualArnella","og_description":"PIERNAS DE HOMBRE Nuestras piernas masculinas Andes aportan un estilo din\u00e1mico y versatilidad a tus exhibiciones. Dise\u00f1adas con la posici\u00f3n natural al caminar, Andes es perfecto para exponer todo tipo de prendas inferiores (tejanos, shorts, pantalones largos, mallas, etc). Estas piernas pueden colgarse del techo utilizando mosquetones o ganchos. Son desmontables, lo que permite usarlas [&hellip;]","og_url":"https:\/\/pasqualarnella.com\/es\/product\/andes-male-legs\/","og_site_name":"PasqualArnella","article_modified_time":"2025-06-16T08:40:16+00:00","og_image":[{"width":914,"height":1371,"url":"https:\/\/pasqualarnella.com\/wp-content\/uploads\/2024\/01\/M-ANDES-P-1.jpg","type":"image\/jpeg"}],"twitter_card":"summary_large_image","twitter_misc":{"Tiempo de lectura":"1 minuto"},"schema":{"@context":"https:\/\/schema.org","@graph":[{"@type":"WebPage","@id":"https:\/\/pasqualarnella.com\/es\/product\/andes-male-legs\/","url":"https:\/\/pasqualarnella.com\/es\/product\/andes-male-legs\/","name":"ANDES MALE - PasqualArnella","isPartOf":{"@id":"https:\/\/pasqualarnella.com\/#website"},"primaryImageOfPage":{"@id":"https:\/\/pasqualarnella.com\/es\/product\/andes-male-legs\/#primaryimage"},"image":{"@id":"https:\/\/pasqualarnella.com\/es\/product\/andes-male-legs\/#primaryimage"},"thumbnailUrl":"https:\/\/pasqualarnella.com\/wp-content\/uploads\/2024\/01\/M-ANDES-P-1.jpg","datePublished":"2024-01-19T07:10:15+00:00","dateModified":"2025-06-16T08:40:16+00:00","breadcrumb":{"@id":"https:\/\/pasqualarnella.com\/es\/product\/andes-male-legs\/#breadcrumb"},"inLanguage":"es","potentialAction":[{"@type":"ReadAction","target":["https:\/\/pasqualarnella.com\/es\/product\/andes-male-legs\/"]}]},{"@type":"ImageObject","inLanguage":"es","@id":"https:\/\/pasqualarnella.com\/es\/product\/andes-male-legs\/#primaryimage","url":"https:\/\/pasqualarnella.com\/wp-content\/uploads\/2024\/01\/M-ANDES-P-1.jpg","contentUrl":"https:\/\/pasqualarnella.com\/wp-content\/uploads\/2024\/01\/M-ANDES-P-1.jpg","width":914,"height":1371},{"@type":"BreadcrumbList","@id":"https:\/\/pasqualarnella.com\/es\/product\/andes-male-legs\/#breadcrumb","itemListElement":[{"@type":"ListItem","position":1,"name":"Home","item":"https:\/\/pasqualarnella.com\/"},{"@type":"ListItem","position":2,"name":"Tienda","item":"https:\/\/pasqualarnella.com\/es\/?page_id=5534"},{"@type":"ListItem","position":3,"name":"COLECCIONES","item":"https:\/\/pasqualarnella.com\/es\/collection\/colecciones\/"},{"@type":"ListItem","position":4,"name":"LEGS &amp; FOOT DISPLAYS","item":"https:\/\/pasqualarnella.com\/collection\/legs-foot-displays\/"},{"@type":"ListItem","position":5,"name":"ANDES MALE"}]},{"@type":"WebSite","@id":"https:\/\/pasqualarnella.com\/#website","url":"https:\/\/pasqualarnella.com\/","name":"PasqualArnella","description":"","publisher":{"@id":"https:\/\/pasqualarnella.com\/#organization"},"potentialAction":[{"@type":"SearchAction","target":{"@type":"EntryPoint","urlTemplate":"https:\/\/pasqualarnella.com\/?s={search_term_string}"},"query-input":{"@type":"PropertyValueSpecification","valueRequired":true,"valueName":"search_term_string"}}],"inLanguage":"es"},{"@type":"Organization","@id":"https:\/\/pasqualarnella.com\/#organization","name":"PasqualArnella","url":"https:\/\/pasqualarnella.com\/","logo":{"@type":"ImageObject","inLanguage":"es","@id":"https:\/\/pasqualarnella.com\/#\/schema\/logo\/image\/","url":"https:\/\/pasqualarnella.com\/wp-content\/uploads\/2023\/04\/pasqual-arnella-logo-black.svg","contentUrl":"https:\/\/pasqualarnella.com\/wp-content\/uploads\/2023\/04\/pasqual-arnella-logo-black.svg","caption":"PasqualArnella"},"image":{"@id":"https:\/\/pasqualarnella.com\/#\/schema\/logo\/image\/"}}]}},"_links":{"self":[{"href":"https:\/\/pasqualarnella.com\/es\/wp-json\/wp\/v2\/product\/5626","targetHints":{"allow":["GET"]}}],"collection":[{"href":"https:\/\/pasqualarnella.com\/es\/wp-json\/wp\/v2\/product"}],"about":[{"href":"https:\/\/pasqualarnella.com\/es\/wp-json\/wp\/v2\/types\/product"}],"replies":[{"embeddable":true,"href":"https:\/\/pasqualarnella.com\/es\/wp-json\/wp\/v2\/comments?post=5626"}],"version-history":[{"count":4,"href":"https:\/\/pasqualarnella.com\/es\/wp-json\/wp\/v2\/product\/5626\/revisions"}],"predecessor-version":[{"id":7625,"href":"https:\/\/pasqualarnella.com\/es\/wp-json\/wp\/v2\/product\/5626\/revisions\/7625"}],"wp:featuredmedia":[{"embeddable":true,"href":"https:\/\/pasqualarnella.com\/es\/wp-json\/wp\/v2\/media\/7618"}],"wp:attachment":[{"href":"https:\/\/pasqualarnella.com\/es\/wp-json\/wp\/v2\/media?parent=5626"}],"wp:term":[{"taxonomy":"product_brand","embeddable":true,"href":"https:\/\/pasqualarnella.com\/es\/wp-json\/wp\/v2\/product_brand?post=5626"},{"taxonomy":"product_cat","embeddable":true,"href":"https:\/\/pasqualarnella.com\/es\/wp-json\/wp\/v2\/product_cat?post=5626"},{"taxonomy":"product_tag","embeddable":true,"href":"https:\/\/pasqualarnella.com\/es\/wp-json\/wp\/v2\/product_tag?post=5626"},{"taxonomy":"gender-identity","embeddable":true,"href":"https:\/\/pasqualarnella.com\/es\/wp-json\/wp\/v2\/gender-identity?post=5626"},{"taxonomy":"collection","embeddable":true,"href":"https:\/\/pasqualarnella.com\/es\/wp-json\/wp\/v2\/collection?post=5626"},{"taxonomy":"pascual-arnella-tags","embeddable":true,"href":"https:\/\/pasqualarnella.com\/es\/wp-json\/wp\/v2\/pascual-arnella-tags?post=5626"}],"curies":[{"name":"wp","href":"https:\/\/api.w.org\/{rel}","templated":true}]}}