{"id":5629,"date":"2024-01-19T07:39:20","date_gmt":"2024-01-19T07:39:20","guid":{"rendered":"https:\/\/pascualarnella.c.wetopi.com\/product\/andes-female-legs\/"},"modified":"2025-06-16T08:39:26","modified_gmt":"2025-06-16T08:39:26","slug":"andes-female-legs","status":"publish","type":"product","link":"https:\/\/pasqualarnella.com\/es\/product\/andes-female-legs\/","title":{"rendered":"ANDES FEMALE"},"content":{"rendered":"<p><b>PIERNAS DE MUJER<\/b><\/p>\n<p><span style=\"font-weight: 400;\">Nuestras piernas femeninas Andes aportan un estilo din\u00e1mico y una gran versatilidad a tus exhibiciones.<br \/>\n<\/span><span style=\"font-weight: 400;\">Con una pose natural de caminata, las piernas Andes son ideales para exhibir una amplia gama de prendas, desde pantalones de estilo casual hasta ropa deportiva.<br \/>\n<\/span><span style=\"font-weight: 400;\">Dise\u00f1adas para colgar del techo con mosquetones o argollas, crean una presentaci\u00f3n limpia y sin distracciones. Adem\u00e1s, los muslos superiores son desmontables, lo que permite convertirlas en un expositor de cadera, ofreciendo mayor flexibilidad para diversas opciones de exhibici\u00f3n.<\/span><\/p>\n<ul>\n<li style=\"font-weight: 400;\" aria-level=\"1\"><span style=\"font-weight: 400;\">Hecho con pasta de papel a partir de papel y cart\u00f3n reciclados.<\/span><\/li>\n<li style=\"font-weight: 400;\" aria-level=\"1\"><span style=\"font-weight: 400;\">Fabricado en Barcelona.<\/span><\/li>\n<li style=\"font-weight: 400;\" aria-level=\"1\"><span style=\"font-weight: 400;\">Ligero, hasta un 50% menos que otras piernas de maniqu\u00ed del mercado.<\/span><\/li>\n<li style=\"font-weight: 400;\" aria-level=\"1\"><span style=\"font-weight: 400;\"><a href=\"https:\/\/pasqualarnella.com\/es\/product\/andes-male-legs\/\">Piernas de hombre disponibles<\/a>.<\/span><\/li>\n<\/ul>\n","protected":false},"excerpt":{"rendered":"<p>PIERNAS DE MUJER Nuestras piernas femeninas Andes aportan un estilo din\u00e1mico y una gran versatilidad a tus exhibiciones. Con una pose natural de caminata, las piernas Andes son ideales para exhibir una amplia gama de prendas, desde pantalones de estilo casual hasta ropa deportiva. Dise\u00f1adas para colgar del techo con mosquetones o argollas, crean una [&hellip;]<\/p>\n","protected":false},"featured_media":7630,"comment_status":"open","ping_status":"closed","template":"","meta":{"_jet_sm_ready_style":"","_jet_sm_style":"","_jet_sm_controls_values":"","_jet_sm_fonts_collection":"","_jet_sm_fonts_links":""},"product_brand":[],"product_cat":[129],"product_tag":[],"gender-identity":[],"collection":[142],"pascual-arnella-tags":[],"class_list":{"0":"post-5629","1":"product","2":"type-product","3":"status-publish","4":"has-post-thumbnail","6":"collection-piernas-y-pies","8":"first","9":"instock","10":"shipping-taxable","11":"product-type-simple"},"yoast_head":"<!-- This site is optimized with the Yoast SEO plugin v27.0 - https:\/\/yoast.com\/product\/yoast-seo-wordpress\/ -->\n<title>ANDES FEMALE - PasqualArnella<\/title>\n<meta name=\"robots\" content=\"index, follow, max-snippet:-1, max-image-preview:large, max-video-preview:-1\" \/>\n<link rel=\"canonical\" href=\"https:\/\/pasqualarnella.com\/product\/andes-female-legs\/\" \/>\n<meta property=\"og:locale\" content=\"es_ES\" \/>\n<meta property=\"og:type\" content=\"article\" \/>\n<meta property=\"og:title\" content=\"ANDES FEMALE - PasqualArnella\" \/>\n<meta property=\"og:description\" content=\"PIERNAS DE MUJER Nuestras piernas femeninas Andes aportan un estilo din\u00e1mico y una gran versatilidad a tus exhibiciones. Con una pose natural de caminata, las piernas Andes son ideales para exhibir una amplia gama de prendas, desde pantalones de estilo casual hasta ropa deportiva. Dise\u00f1adas para colgar del techo con mosquetones o argollas, crean una [&hellip;]\" \/>\n<meta property=\"og:url\" content=\"https:\/\/pasqualarnella.com\/product\/andes-female-legs\/\" \/>\n<meta property=\"og:site_name\" content=\"PasqualArnella\" \/>\n<meta property=\"article:modified_time\" content=\"2025-06-16T08:39:26+00:00\" \/>\n<meta property=\"og:image\" content=\"https:\/\/pasqualarnella.com\/wp-content\/uploads\/2024\/01\/F-ANDES-P-1.jpg\" \/>\n\t<meta property=\"og:image:width\" content=\"914\" \/>\n\t<meta property=\"og:image:height\" content=\"1371\" \/>\n\t<meta property=\"og:image:type\" content=\"image\/jpeg\" \/>\n<meta name=\"twitter:card\" content=\"summary_large_image\" \/>\n<meta name=\"twitter:label1\" content=\"Tiempo de lectura\" \/>\n\t<meta name=\"twitter:data1\" content=\"1 minuto\" \/>\n<script type=\"application\/ld+json\" class=\"yoast-schema-graph\">{\"@context\":\"https:\/\/schema.org\",\"@graph\":[{\"@type\":\"WebPage\",\"@id\":\"https:\/\/pasqualarnella.com\/product\/andes-female-legs\/\",\"url\":\"https:\/\/pasqualarnella.com\/product\/andes-female-legs\/\",\"name\":\"ANDES FEMALE - PasqualArnella\",\"isPartOf\":{\"@id\":\"https:\/\/pasqualarnella.com\/#website\"},\"primaryImageOfPage\":{\"@id\":\"https:\/\/pasqualarnella.com\/product\/andes-female-legs\/#primaryimage\"},\"image\":{\"@id\":\"https:\/\/pasqualarnella.com\/product\/andes-female-legs\/#primaryimage\"},\"thumbnailUrl\":\"https:\/\/pasqualarnella.com\/wp-content\/uploads\/2024\/01\/F-ANDES-P-1.jpg\",\"datePublished\":\"2024-01-19T07:39:20+00:00\",\"dateModified\":\"2025-06-16T08:39:26+00:00\",\"breadcrumb\":{\"@id\":\"https:\/\/pasqualarnella.com\/product\/andes-female-legs\/#breadcrumb\"},\"inLanguage\":\"es\",\"potentialAction\":[{\"@type\":\"ReadAction\",\"target\":[\"https:\/\/pasqualarnella.com\/product\/andes-female-legs\/\"]}]},{\"@type\":\"ImageObject\",\"inLanguage\":\"es\",\"@id\":\"https:\/\/pasqualarnella.com\/product\/andes-female-legs\/#primaryimage\",\"url\":\"https:\/\/pasqualarnella.com\/wp-content\/uploads\/2024\/01\/F-ANDES-P-1.jpg\",\"contentUrl\":\"https:\/\/pasqualarnella.com\/wp-content\/uploads\/2024\/01\/F-ANDES-P-1.jpg\",\"width\":914,\"height\":1371},{\"@type\":\"BreadcrumbList\",\"@id\":\"https:\/\/pasqualarnella.com\/product\/andes-female-legs\/#breadcrumb\",\"itemListElement\":[{\"@type\":\"ListItem\",\"position\":1,\"name\":\"Home\",\"item\":\"https:\/\/pasqualarnella.com\/\"},{\"@type\":\"ListItem\",\"position\":2,\"name\":\"Tienda\",\"item\":\"https:\/\/pasqualarnella.com\/es\/?page_id=5534\"},{\"@type\":\"ListItem\",\"position\":3,\"name\":\"COLLECTIONS\",\"item\":\"https:\/\/pasqualarnella.com\/collection\/collections\/\"},{\"@type\":\"ListItem\",\"position\":4,\"name\":\"LEGS &amp; FOOT DISPLAYS\",\"item\":\"https:\/\/pasqualarnella.com\/collection\/legs-foot-displays\/\"},{\"@type\":\"ListItem\",\"position\":5,\"name\":\"ANDES FEMALE\"}]},{\"@type\":\"WebSite\",\"@id\":\"https:\/\/pasqualarnella.com\/#website\",\"url\":\"https:\/\/pasqualarnella.com\/\",\"name\":\"PasqualArnella\",\"description\":\"\",\"publisher\":{\"@id\":\"https:\/\/pasqualarnella.com\/#organization\"},\"potentialAction\":[{\"@type\":\"SearchAction\",\"target\":{\"@type\":\"EntryPoint\",\"urlTemplate\":\"https:\/\/pasqualarnella.com\/?s={search_term_string}\"},\"query-input\":{\"@type\":\"PropertyValueSpecification\",\"valueRequired\":true,\"valueName\":\"search_term_string\"}}],\"inLanguage\":\"es\"},{\"@type\":\"Organization\",\"@id\":\"https:\/\/pasqualarnella.com\/#organization\",\"name\":\"PasqualArnella\",\"url\":\"https:\/\/pasqualarnella.com\/\",\"logo\":{\"@type\":\"ImageObject\",\"inLanguage\":\"es\",\"@id\":\"https:\/\/pasqualarnella.com\/#\/schema\/logo\/image\/\",\"url\":\"https:\/\/pasqualarnella.com\/wp-content\/uploads\/2023\/04\/pasqual-arnella-logo-black.svg\",\"contentUrl\":\"https:\/\/pasqualarnella.com\/wp-content\/uploads\/2023\/04\/pasqual-arnella-logo-black.svg\",\"caption\":\"PasqualArnella\"},\"image\":{\"@id\":\"https:\/\/pasqualarnella.com\/#\/schema\/logo\/image\/\"}}]}<\/script>\n<!-- \/ Yoast SEO plugin. -->","yoast_head_json":{"title":"ANDES FEMALE - PasqualArnella","robots":{"index":"index","follow":"follow","max-snippet":"max-snippet:-1","max-image-preview":"max-image-preview:large","max-video-preview":"max-video-preview:-1"},"canonical":"https:\/\/pasqualarnella.com\/product\/andes-female-legs\/","og_locale":"es_ES","og_type":"article","og_title":"ANDES FEMALE - PasqualArnella","og_description":"PIERNAS DE MUJER Nuestras piernas femeninas Andes aportan un estilo din\u00e1mico y una gran versatilidad a tus exhibiciones. Con una pose natural de caminata, las piernas Andes son ideales para exhibir una amplia gama de prendas, desde pantalones de estilo casual hasta ropa deportiva. Dise\u00f1adas para colgar del techo con mosquetones o argollas, crean una [&hellip;]","og_url":"https:\/\/pasqualarnella.com\/product\/andes-female-legs\/","og_site_name":"PasqualArnella","article_modified_time":"2025-06-16T08:39:26+00:00","og_image":[{"width":914,"height":1371,"url":"https:\/\/pasqualarnella.com\/wp-content\/uploads\/2024\/01\/F-ANDES-P-1.jpg","type":"image\/jpeg"}],"twitter_card":"summary_large_image","twitter_misc":{"Tiempo de lectura":"1 minuto"},"schema":{"@context":"https:\/\/schema.org","@graph":[{"@type":"WebPage","@id":"https:\/\/pasqualarnella.com\/product\/andes-female-legs\/","url":"https:\/\/pasqualarnella.com\/product\/andes-female-legs\/","name":"ANDES FEMALE - PasqualArnella","isPartOf":{"@id":"https:\/\/pasqualarnella.com\/#website"},"primaryImageOfPage":{"@id":"https:\/\/pasqualarnella.com\/product\/andes-female-legs\/#primaryimage"},"image":{"@id":"https:\/\/pasqualarnella.com\/product\/andes-female-legs\/#primaryimage"},"thumbnailUrl":"https:\/\/pasqualarnella.com\/wp-content\/uploads\/2024\/01\/F-ANDES-P-1.jpg","datePublished":"2024-01-19T07:39:20+00:00","dateModified":"2025-06-16T08:39:26+00:00","breadcrumb":{"@id":"https:\/\/pasqualarnella.com\/product\/andes-female-legs\/#breadcrumb"},"inLanguage":"es","potentialAction":[{"@type":"ReadAction","target":["https:\/\/pasqualarnella.com\/product\/andes-female-legs\/"]}]},{"@type":"ImageObject","inLanguage":"es","@id":"https:\/\/pasqualarnella.com\/product\/andes-female-legs\/#primaryimage","url":"https:\/\/pasqualarnella.com\/wp-content\/uploads\/2024\/01\/F-ANDES-P-1.jpg","contentUrl":"https:\/\/pasqualarnella.com\/wp-content\/uploads\/2024\/01\/F-ANDES-P-1.jpg","width":914,"height":1371},{"@type":"BreadcrumbList","@id":"https:\/\/pasqualarnella.com\/product\/andes-female-legs\/#breadcrumb","itemListElement":[{"@type":"ListItem","position":1,"name":"Home","item":"https:\/\/pasqualarnella.com\/"},{"@type":"ListItem","position":2,"name":"Tienda","item":"https:\/\/pasqualarnella.com\/es\/?page_id=5534"},{"@type":"ListItem","position":3,"name":"COLLECTIONS","item":"https:\/\/pasqualarnella.com\/collection\/collections\/"},{"@type":"ListItem","position":4,"name":"LEGS &amp; FOOT DISPLAYS","item":"https:\/\/pasqualarnella.com\/collection\/legs-foot-displays\/"},{"@type":"ListItem","position":5,"name":"ANDES FEMALE"}]},{"@type":"WebSite","@id":"https:\/\/pasqualarnella.com\/#website","url":"https:\/\/pasqualarnella.com\/","name":"PasqualArnella","description":"","publisher":{"@id":"https:\/\/pasqualarnella.com\/#organization"},"potentialAction":[{"@type":"SearchAction","target":{"@type":"EntryPoint","urlTemplate":"https:\/\/pasqualarnella.com\/?s={search_term_string}"},"query-input":{"@type":"PropertyValueSpecification","valueRequired":true,"valueName":"search_term_string"}}],"inLanguage":"es"},{"@type":"Organization","@id":"https:\/\/pasqualarnella.com\/#organization","name":"PasqualArnella","url":"https:\/\/pasqualarnella.com\/","logo":{"@type":"ImageObject","inLanguage":"es","@id":"https:\/\/pasqualarnella.com\/#\/schema\/logo\/image\/","url":"https:\/\/pasqualarnella.com\/wp-content\/uploads\/2023\/04\/pasqual-arnella-logo-black.svg","contentUrl":"https:\/\/pasqualarnella.com\/wp-content\/uploads\/2023\/04\/pasqual-arnella-logo-black.svg","caption":"PasqualArnella"},"image":{"@id":"https:\/\/pasqualarnella.com\/#\/schema\/logo\/image\/"}}]}},"_links":{"self":[{"href":"https:\/\/pasqualarnella.com\/es\/wp-json\/wp\/v2\/product\/5629","targetHints":{"allow":["GET"]}}],"collection":[{"href":"https:\/\/pasqualarnella.com\/es\/wp-json\/wp\/v2\/product"}],"about":[{"href":"https:\/\/pasqualarnella.com\/es\/wp-json\/wp\/v2\/types\/product"}],"replies":[{"embeddable":true,"href":"https:\/\/pasqualarnella.com\/es\/wp-json\/wp\/v2\/comments?post=5629"}],"version-history":[{"count":3,"href":"https:\/\/pasqualarnella.com\/es\/wp-json\/wp\/v2\/product\/5629\/revisions"}],"predecessor-version":[{"id":7641,"href":"https:\/\/pasqualarnella.com\/es\/wp-json\/wp\/v2\/product\/5629\/revisions\/7641"}],"wp:featuredmedia":[{"embeddable":true,"href":"https:\/\/pasqualarnella.com\/es\/wp-json\/wp\/v2\/media\/7630"}],"wp:attachment":[{"href":"https:\/\/pasqualarnella.com\/es\/wp-json\/wp\/v2\/media?parent=5629"}],"wp:term":[{"taxonomy":"product_brand","embeddable":true,"href":"https:\/\/pasqualarnella.com\/es\/wp-json\/wp\/v2\/product_brand?post=5629"},{"taxonomy":"product_cat","embeddable":true,"href":"https:\/\/pasqualarnella.com\/es\/wp-json\/wp\/v2\/product_cat?post=5629"},{"taxonomy":"product_tag","embeddable":true,"href":"https:\/\/pasqualarnella.com\/es\/wp-json\/wp\/v2\/product_tag?post=5629"},{"taxonomy":"gender-identity","embeddable":true,"href":"https:\/\/pasqualarnella.com\/es\/wp-json\/wp\/v2\/gender-identity?post=5629"},{"taxonomy":"collection","embeddable":true,"href":"https:\/\/pasqualarnella.com\/es\/wp-json\/wp\/v2\/collection?post=5629"},{"taxonomy":"pascual-arnella-tags","embeddable":true,"href":"https:\/\/pasqualarnella.com\/es\/wp-json\/wp\/v2\/pascual-arnella-tags?post=5629"}],"curies":[{"name":"wp","href":"https:\/\/api.w.org\/{rel}","templated":true}]}}