{"id":5636,"date":"2024-01-19T11:12:39","date_gmt":"2024-01-19T11:12:39","guid":{"rendered":"https:\/\/pascualarnella.c.wetopi.com\/product\/dolomites-female-legs\/"},"modified":"2025-06-16T08:38:03","modified_gmt":"2025-06-16T08:38:03","slug":"dolomites-female-legs","status":"publish","type":"product","link":"https:\/\/pasqualarnella.com\/es\/product\/dolomites-female-legs\/","title":{"rendered":"DOLOMITES FEMALE LEGS"},"content":{"rendered":"<p><b>PIERNAS DE MUJER<\/b><\/p>\n<p><span style=\"font-weight: 400;\">Nuestras piernas de mujer Dolomites, con una pose recta, son perfectas para exhibir diversas prendas femeninas. Son ideales para estilos de cintura alta.<br \/>\n<\/span><span style=\"font-weight: 400;\">Con elegantes elementos de madera, estas piernas a\u00f1aden un toque de sofisticaci\u00f3n a cualquier exhibici\u00f3n.<\/span><\/p>\n<ul>\n<li style=\"font-weight: 400;\" aria-level=\"1\"><span style=\"font-weight: 400;\">Hecho con pasta de papel a partir de papel y cart\u00f3n reciclados.<\/span><\/li>\n<li style=\"font-weight: 400;\" aria-level=\"1\"><span style=\"font-weight: 400;\">Fabricado en Barcelona.<\/span><\/li>\n<li style=\"font-weight: 400;\" aria-level=\"1\"><span style=\"font-weight: 400;\">Ligero, hasta un 50% menos que otras piernas de maniqu\u00ed del mercado<\/span><\/li>\n<li style=\"font-weight: 400;\" aria-level=\"1\"><span style=\"font-weight: 400;\"><a href=\"https:\/\/pasqualarnella.com\/es\/product\/dolomites-male-legs\/\">Piernas de hombre disponibles<\/a>.<\/span><\/li>\n<\/ul>\n","protected":false},"excerpt":{"rendered":"<p>PIERNAS DE MUJER Nuestras piernas de mujer Dolomites, con una pose recta, son perfectas para exhibir diversas prendas femeninas. Son ideales para estilos de cintura alta. Con elegantes elementos de madera, estas piernas a\u00f1aden un toque de sofisticaci\u00f3n a cualquier exhibici\u00f3n. Hecho con pasta de papel a partir de papel y cart\u00f3n reciclados. Fabricado en [&hellip;]<\/p>\n","protected":false},"featured_media":7657,"comment_status":"open","ping_status":"closed","template":"","meta":{"_jet_sm_ready_style":"","_jet_sm_style":"","_jet_sm_controls_values":"","_jet_sm_fonts_collection":"","_jet_sm_fonts_links":""},"product_brand":[],"product_cat":[129],"product_tag":[],"gender-identity":[],"collection":[142],"pascual-arnella-tags":[],"class_list":{"0":"post-5636","1":"product","2":"type-product","3":"status-publish","4":"has-post-thumbnail","6":"collection-piernas-y-pies","8":"first","9":"instock","10":"shipping-taxable","11":"product-type-simple"},"yoast_head":"<!-- This site is optimized with the Yoast SEO plugin v27.0 - https:\/\/yoast.com\/product\/yoast-seo-wordpress\/ -->\n<title>DOLOMITES FEMALE LEGS - PasqualArnella<\/title>\n<meta name=\"robots\" content=\"index, follow, max-snippet:-1, max-image-preview:large, max-video-preview:-1\" \/>\n<link rel=\"canonical\" href=\"https:\/\/pasqualarnella.com\/product\/dolomites-female-legs\/\" \/>\n<meta property=\"og:locale\" content=\"es_ES\" \/>\n<meta property=\"og:type\" content=\"article\" \/>\n<meta property=\"og:title\" content=\"DOLOMITES FEMALE LEGS - PasqualArnella\" \/>\n<meta property=\"og:description\" content=\"PIERNAS DE MUJER Nuestras piernas de mujer Dolomites, con una pose recta, son perfectas para exhibir diversas prendas femeninas. Son ideales para estilos de cintura alta. Con elegantes elementos de madera, estas piernas a\u00f1aden un toque de sofisticaci\u00f3n a cualquier exhibici\u00f3n. Hecho con pasta de papel a partir de papel y cart\u00f3n reciclados. Fabricado en [&hellip;]\" \/>\n<meta property=\"og:url\" content=\"https:\/\/pasqualarnella.com\/product\/dolomites-female-legs\/\" \/>\n<meta property=\"og:site_name\" content=\"PasqualArnella\" \/>\n<meta property=\"article:modified_time\" content=\"2025-06-16T08:38:03+00:00\" \/>\n<meta property=\"og:image\" content=\"https:\/\/pasqualarnella.com\/wp-content\/uploads\/2024\/01\/F-DOLOMITES-P-1.jpg\" \/>\n\t<meta property=\"og:image:width\" content=\"914\" \/>\n\t<meta property=\"og:image:height\" content=\"1371\" \/>\n\t<meta property=\"og:image:type\" content=\"image\/jpeg\" \/>\n<meta name=\"twitter:card\" content=\"summary_large_image\" \/>\n<meta name=\"twitter:label1\" content=\"Tiempo de lectura\" \/>\n\t<meta name=\"twitter:data1\" content=\"1 minuto\" \/>\n<script type=\"application\/ld+json\" class=\"yoast-schema-graph\">{\"@context\":\"https:\/\/schema.org\",\"@graph\":[{\"@type\":\"WebPage\",\"@id\":\"https:\/\/pasqualarnella.com\/product\/dolomites-female-legs\/\",\"url\":\"https:\/\/pasqualarnella.com\/product\/dolomites-female-legs\/\",\"name\":\"DOLOMITES FEMALE LEGS - PasqualArnella\",\"isPartOf\":{\"@id\":\"https:\/\/pasqualarnella.com\/#website\"},\"primaryImageOfPage\":{\"@id\":\"https:\/\/pasqualarnella.com\/product\/dolomites-female-legs\/#primaryimage\"},\"image\":{\"@id\":\"https:\/\/pasqualarnella.com\/product\/dolomites-female-legs\/#primaryimage\"},\"thumbnailUrl\":\"https:\/\/pasqualarnella.com\/wp-content\/uploads\/2024\/01\/F-DOLOMITES-P-1.jpg\",\"datePublished\":\"2024-01-19T11:12:39+00:00\",\"dateModified\":\"2025-06-16T08:38:03+00:00\",\"breadcrumb\":{\"@id\":\"https:\/\/pasqualarnella.com\/product\/dolomites-female-legs\/#breadcrumb\"},\"inLanguage\":\"es\",\"potentialAction\":[{\"@type\":\"ReadAction\",\"target\":[\"https:\/\/pasqualarnella.com\/product\/dolomites-female-legs\/\"]}]},{\"@type\":\"ImageObject\",\"inLanguage\":\"es\",\"@id\":\"https:\/\/pasqualarnella.com\/product\/dolomites-female-legs\/#primaryimage\",\"url\":\"https:\/\/pasqualarnella.com\/wp-content\/uploads\/2024\/01\/F-DOLOMITES-P-1.jpg\",\"contentUrl\":\"https:\/\/pasqualarnella.com\/wp-content\/uploads\/2024\/01\/F-DOLOMITES-P-1.jpg\",\"width\":914,\"height\":1371},{\"@type\":\"BreadcrumbList\",\"@id\":\"https:\/\/pasqualarnella.com\/product\/dolomites-female-legs\/#breadcrumb\",\"itemListElement\":[{\"@type\":\"ListItem\",\"position\":1,\"name\":\"Home\",\"item\":\"https:\/\/pasqualarnella.com\/\"},{\"@type\":\"ListItem\",\"position\":2,\"name\":\"Tienda\",\"item\":\"https:\/\/pasqualarnella.com\/es\/?page_id=5534\"},{\"@type\":\"ListItem\",\"position\":3,\"name\":\"COLLECTIONS\",\"item\":\"https:\/\/pasqualarnella.com\/collection\/collections\/\"},{\"@type\":\"ListItem\",\"position\":4,\"name\":\"LEGS &amp; FOOT DISPLAYS\",\"item\":\"https:\/\/pasqualarnella.com\/collection\/legs-foot-displays\/\"},{\"@type\":\"ListItem\",\"position\":5,\"name\":\"DOLOMITES FEMALE LEGS\"}]},{\"@type\":\"WebSite\",\"@id\":\"https:\/\/pasqualarnella.com\/#website\",\"url\":\"https:\/\/pasqualarnella.com\/\",\"name\":\"PasqualArnella\",\"description\":\"\",\"publisher\":{\"@id\":\"https:\/\/pasqualarnella.com\/#organization\"},\"potentialAction\":[{\"@type\":\"SearchAction\",\"target\":{\"@type\":\"EntryPoint\",\"urlTemplate\":\"https:\/\/pasqualarnella.com\/?s={search_term_string}\"},\"query-input\":{\"@type\":\"PropertyValueSpecification\",\"valueRequired\":true,\"valueName\":\"search_term_string\"}}],\"inLanguage\":\"es\"},{\"@type\":\"Organization\",\"@id\":\"https:\/\/pasqualarnella.com\/#organization\",\"name\":\"PasqualArnella\",\"url\":\"https:\/\/pasqualarnella.com\/\",\"logo\":{\"@type\":\"ImageObject\",\"inLanguage\":\"es\",\"@id\":\"https:\/\/pasqualarnella.com\/#\/schema\/logo\/image\/\",\"url\":\"https:\/\/pasqualarnella.com\/wp-content\/uploads\/2023\/04\/pasqual-arnella-logo-black.svg\",\"contentUrl\":\"https:\/\/pasqualarnella.com\/wp-content\/uploads\/2023\/04\/pasqual-arnella-logo-black.svg\",\"caption\":\"PasqualArnella\"},\"image\":{\"@id\":\"https:\/\/pasqualarnella.com\/#\/schema\/logo\/image\/\"}}]}<\/script>\n<!-- \/ Yoast SEO plugin. -->","yoast_head_json":{"title":"DOLOMITES FEMALE LEGS - PasqualArnella","robots":{"index":"index","follow":"follow","max-snippet":"max-snippet:-1","max-image-preview":"max-image-preview:large","max-video-preview":"max-video-preview:-1"},"canonical":"https:\/\/pasqualarnella.com\/product\/dolomites-female-legs\/","og_locale":"es_ES","og_type":"article","og_title":"DOLOMITES FEMALE LEGS - PasqualArnella","og_description":"PIERNAS DE MUJER Nuestras piernas de mujer Dolomites, con una pose recta, son perfectas para exhibir diversas prendas femeninas. Son ideales para estilos de cintura alta. Con elegantes elementos de madera, estas piernas a\u00f1aden un toque de sofisticaci\u00f3n a cualquier exhibici\u00f3n. Hecho con pasta de papel a partir de papel y cart\u00f3n reciclados. Fabricado en [&hellip;]","og_url":"https:\/\/pasqualarnella.com\/product\/dolomites-female-legs\/","og_site_name":"PasqualArnella","article_modified_time":"2025-06-16T08:38:03+00:00","og_image":[{"width":914,"height":1371,"url":"https:\/\/pasqualarnella.com\/wp-content\/uploads\/2024\/01\/F-DOLOMITES-P-1.jpg","type":"image\/jpeg"}],"twitter_card":"summary_large_image","twitter_misc":{"Tiempo de lectura":"1 minuto"},"schema":{"@context":"https:\/\/schema.org","@graph":[{"@type":"WebPage","@id":"https:\/\/pasqualarnella.com\/product\/dolomites-female-legs\/","url":"https:\/\/pasqualarnella.com\/product\/dolomites-female-legs\/","name":"DOLOMITES FEMALE LEGS - PasqualArnella","isPartOf":{"@id":"https:\/\/pasqualarnella.com\/#website"},"primaryImageOfPage":{"@id":"https:\/\/pasqualarnella.com\/product\/dolomites-female-legs\/#primaryimage"},"image":{"@id":"https:\/\/pasqualarnella.com\/product\/dolomites-female-legs\/#primaryimage"},"thumbnailUrl":"https:\/\/pasqualarnella.com\/wp-content\/uploads\/2024\/01\/F-DOLOMITES-P-1.jpg","datePublished":"2024-01-19T11:12:39+00:00","dateModified":"2025-06-16T08:38:03+00:00","breadcrumb":{"@id":"https:\/\/pasqualarnella.com\/product\/dolomites-female-legs\/#breadcrumb"},"inLanguage":"es","potentialAction":[{"@type":"ReadAction","target":["https:\/\/pasqualarnella.com\/product\/dolomites-female-legs\/"]}]},{"@type":"ImageObject","inLanguage":"es","@id":"https:\/\/pasqualarnella.com\/product\/dolomites-female-legs\/#primaryimage","url":"https:\/\/pasqualarnella.com\/wp-content\/uploads\/2024\/01\/F-DOLOMITES-P-1.jpg","contentUrl":"https:\/\/pasqualarnella.com\/wp-content\/uploads\/2024\/01\/F-DOLOMITES-P-1.jpg","width":914,"height":1371},{"@type":"BreadcrumbList","@id":"https:\/\/pasqualarnella.com\/product\/dolomites-female-legs\/#breadcrumb","itemListElement":[{"@type":"ListItem","position":1,"name":"Home","item":"https:\/\/pasqualarnella.com\/"},{"@type":"ListItem","position":2,"name":"Tienda","item":"https:\/\/pasqualarnella.com\/es\/?page_id=5534"},{"@type":"ListItem","position":3,"name":"COLLECTIONS","item":"https:\/\/pasqualarnella.com\/collection\/collections\/"},{"@type":"ListItem","position":4,"name":"LEGS &amp; FOOT DISPLAYS","item":"https:\/\/pasqualarnella.com\/collection\/legs-foot-displays\/"},{"@type":"ListItem","position":5,"name":"DOLOMITES FEMALE LEGS"}]},{"@type":"WebSite","@id":"https:\/\/pasqualarnella.com\/#website","url":"https:\/\/pasqualarnella.com\/","name":"PasqualArnella","description":"","publisher":{"@id":"https:\/\/pasqualarnella.com\/#organization"},"potentialAction":[{"@type":"SearchAction","target":{"@type":"EntryPoint","urlTemplate":"https:\/\/pasqualarnella.com\/?s={search_term_string}"},"query-input":{"@type":"PropertyValueSpecification","valueRequired":true,"valueName":"search_term_string"}}],"inLanguage":"es"},{"@type":"Organization","@id":"https:\/\/pasqualarnella.com\/#organization","name":"PasqualArnella","url":"https:\/\/pasqualarnella.com\/","logo":{"@type":"ImageObject","inLanguage":"es","@id":"https:\/\/pasqualarnella.com\/#\/schema\/logo\/image\/","url":"https:\/\/pasqualarnella.com\/wp-content\/uploads\/2023\/04\/pasqual-arnella-logo-black.svg","contentUrl":"https:\/\/pasqualarnella.com\/wp-content\/uploads\/2023\/04\/pasqual-arnella-logo-black.svg","caption":"PasqualArnella"},"image":{"@id":"https:\/\/pasqualarnella.com\/#\/schema\/logo\/image\/"}}]}},"_links":{"self":[{"href":"https:\/\/pasqualarnella.com\/es\/wp-json\/wp\/v2\/product\/5636","targetHints":{"allow":["GET"]}}],"collection":[{"href":"https:\/\/pasqualarnella.com\/es\/wp-json\/wp\/v2\/product"}],"about":[{"href":"https:\/\/pasqualarnella.com\/es\/wp-json\/wp\/v2\/types\/product"}],"replies":[{"embeddable":true,"href":"https:\/\/pasqualarnella.com\/es\/wp-json\/wp\/v2\/comments?post=5636"}],"version-history":[{"count":3,"href":"https:\/\/pasqualarnella.com\/es\/wp-json\/wp\/v2\/product\/5636\/revisions"}],"predecessor-version":[{"id":7668,"href":"https:\/\/pasqualarnella.com\/es\/wp-json\/wp\/v2\/product\/5636\/revisions\/7668"}],"wp:featuredmedia":[{"embeddable":true,"href":"https:\/\/pasqualarnella.com\/es\/wp-json\/wp\/v2\/media\/7657"}],"wp:attachment":[{"href":"https:\/\/pasqualarnella.com\/es\/wp-json\/wp\/v2\/media?parent=5636"}],"wp:term":[{"taxonomy":"product_brand","embeddable":true,"href":"https:\/\/pasqualarnella.com\/es\/wp-json\/wp\/v2\/product_brand?post=5636"},{"taxonomy":"product_cat","embeddable":true,"href":"https:\/\/pasqualarnella.com\/es\/wp-json\/wp\/v2\/product_cat?post=5636"},{"taxonomy":"product_tag","embeddable":true,"href":"https:\/\/pasqualarnella.com\/es\/wp-json\/wp\/v2\/product_tag?post=5636"},{"taxonomy":"gender-identity","embeddable":true,"href":"https:\/\/pasqualarnella.com\/es\/wp-json\/wp\/v2\/gender-identity?post=5636"},{"taxonomy":"collection","embeddable":true,"href":"https:\/\/pasqualarnella.com\/es\/wp-json\/wp\/v2\/collection?post=5636"},{"taxonomy":"pascual-arnella-tags","embeddable":true,"href":"https:\/\/pasqualarnella.com\/es\/wp-json\/wp\/v2\/pascual-arnella-tags?post=5636"}],"curies":[{"name":"wp","href":"https:\/\/api.w.org\/{rel}","templated":true}]}}