{"id":5666,"date":"2024-02-12T09:20:45","date_gmt":"2024-02-12T09:20:45","guid":{"rendered":"https:\/\/pascualarnella.c.wetopi.com\/product\/female-foot\/"},"modified":"2026-02-12T10:51:03","modified_gmt":"2026-02-12T10:51:03","slug":"female-foot","status":"publish","type":"product","link":"https:\/\/pasqualarnella.com\/es\/product\/female-foot\/","title":{"rendered":"FEMALE FOOT"},"content":{"rendered":"<p><b>PIE DE MUJER<\/b><\/p>\n<p><span style=\"font-weight: 400;\">Nuestro pie expositor femenino es la opci\u00f3n m\u00e1s sostenible para exhibir calcetines de manera elegante y din\u00e1mica. Est\u00e1 disponible en diferentes alturas y dispone de im\u00e1n y base para mayor estabilidad.<br \/>\n<\/span><span style=\"font-family: -apple-system, BlinkMacSystemFont, 'Segoe UI', Roboto, 'Helvetica Neue', Arial, 'Noto Sans', sans-serif, 'Apple Color Emoji', 'Segoe UI Emoji', 'Segoe UI Symbol', 'Noto Color Emoji';\">Es un pie derecho y puede utilizarse con nuestro disco de metal como base o colocarse directamente sobre una superficie met\u00e1lica.<br \/>\n<\/span><span style=\"font-family: -apple-system, BlinkMacSystemFont, 'Segoe UI', Roboto, 'Helvetica Neue', Arial, 'Noto Sans', sans-serif, 'Apple Color Emoji', 'Segoe UI Emoji', 'Segoe UI Symbol', 'Noto Color Emoji';\">Hecho de pasta de papel reciclado, nuestro pie expositor de mujer combina sostenibilidad con funcionalidad, lo que lo convierte en una excelente opci\u00f3n para puntos de venta responsables con el medio ambiente.<\/span><\/p>\n<ul>\n<li style=\"font-weight: 400;\" aria-level=\"1\"><span style=\"font-weight: 400;\">Hecho con pasta de papel a partir de papel y cart\u00f3n reciclados.<\/span><\/li>\n<li style=\"font-weight: 400;\" aria-level=\"1\"><span style=\"font-weight: 400;\">Fabricado en Barcelona.<\/span><\/li>\n<li style=\"font-weight: 400;\" aria-level=\"1\"><a href=\"https:\/\/pasqualarnella.com\/es\/product\/male-foot\/\">Disponible la versi\u00f3n pie de hombre<\/a>.<\/li>\n<\/ul>\n","protected":false},"excerpt":{"rendered":"<p>PIE DE MUJER Nuestro pie expositor femenino es la opci\u00f3n m\u00e1s sostenible para exhibir calcetines de manera elegante y din\u00e1mica. Est\u00e1 disponible en diferentes alturas y dispone de im\u00e1n y base para mayor estabilidad. Es un pie derecho y puede utilizarse con nuestro disco de metal como base o colocarse directamente sobre una superficie met\u00e1lica. [&hellip;]<\/p>\n","protected":false},"featured_media":7777,"comment_status":"open","ping_status":"closed","template":"","meta":{"_jet_sm_ready_style":"","_jet_sm_style":"","_jet_sm_controls_values":"","_jet_sm_fonts_collection":"","_jet_sm_fonts_links":""},"product_brand":[],"product_cat":[129],"product_tag":[],"gender-identity":[229],"collection":[142],"pascual-arnella-tags":[],"class_list":{"0":"post-5666","1":"product","2":"type-product","3":"status-publish","4":"has-post-thumbnail","6":"gender-identity-mujer","7":"collection-piernas-y-pies","9":"first","10":"instock","11":"shipping-taxable","12":"product-type-simple"},"yoast_head":"<!-- This site is optimized with the Yoast SEO plugin v27.0 - https:\/\/yoast.com\/product\/yoast-seo-wordpress\/ -->\n<title>FEMALE FOOT - PasqualArnella<\/title>\n<meta name=\"robots\" content=\"index, follow, max-snippet:-1, max-image-preview:large, max-video-preview:-1\" \/>\n<link rel=\"canonical\" href=\"https:\/\/pasqualarnella.com\/product\/female-foot\/\" \/>\n<meta property=\"og:locale\" content=\"es_ES\" \/>\n<meta property=\"og:type\" content=\"article\" \/>\n<meta property=\"og:title\" content=\"FEMALE FOOT - PasqualArnella\" \/>\n<meta property=\"og:description\" content=\"PIE DE MUJER Nuestro pie expositor femenino es la opci\u00f3n m\u00e1s sostenible para exhibir calcetines de manera elegante y din\u00e1mica. Est\u00e1 disponible en diferentes alturas y dispone de im\u00e1n y base para mayor estabilidad. Es un pie derecho y puede utilizarse con nuestro disco de metal como base o colocarse directamente sobre una superficie met\u00e1lica. [&hellip;]\" \/>\n<meta property=\"og:url\" content=\"https:\/\/pasqualarnella.com\/product\/female-foot\/\" \/>\n<meta property=\"og:site_name\" content=\"PasqualArnella\" \/>\n<meta property=\"article:modified_time\" content=\"2026-02-12T10:51:03+00:00\" \/>\n<meta property=\"og:image\" content=\"https:\/\/pasqualarnella.com\/wp-content\/uploads\/2024\/02\/FEMALE-FOOT-P-1.jpg\" \/>\n\t<meta property=\"og:image:width\" content=\"914\" \/>\n\t<meta property=\"og:image:height\" content=\"1371\" \/>\n\t<meta property=\"og:image:type\" content=\"image\/jpeg\" \/>\n<meta name=\"twitter:card\" content=\"summary_large_image\" \/>\n<meta name=\"twitter:label1\" content=\"Tiempo de lectura\" \/>\n\t<meta name=\"twitter:data1\" content=\"1 minuto\" \/>\n<script type=\"application\/ld+json\" class=\"yoast-schema-graph\">{\"@context\":\"https:\/\/schema.org\",\"@graph\":[{\"@type\":\"WebPage\",\"@id\":\"https:\/\/pasqualarnella.com\/product\/female-foot\/\",\"url\":\"https:\/\/pasqualarnella.com\/product\/female-foot\/\",\"name\":\"FEMALE FOOT - PasqualArnella\",\"isPartOf\":{\"@id\":\"https:\/\/pasqualarnella.com\/#website\"},\"primaryImageOfPage\":{\"@id\":\"https:\/\/pasqualarnella.com\/product\/female-foot\/#primaryimage\"},\"image\":{\"@id\":\"https:\/\/pasqualarnella.com\/product\/female-foot\/#primaryimage\"},\"thumbnailUrl\":\"https:\/\/pasqualarnella.com\/wp-content\/uploads\/2024\/02\/FEMALE-FOOT-P-1.jpg\",\"datePublished\":\"2024-02-12T09:20:45+00:00\",\"dateModified\":\"2026-02-12T10:51:03+00:00\",\"breadcrumb\":{\"@id\":\"https:\/\/pasqualarnella.com\/product\/female-foot\/#breadcrumb\"},\"inLanguage\":\"es\",\"potentialAction\":[{\"@type\":\"ReadAction\",\"target\":[\"https:\/\/pasqualarnella.com\/product\/female-foot\/\"]}]},{\"@type\":\"ImageObject\",\"inLanguage\":\"es\",\"@id\":\"https:\/\/pasqualarnella.com\/product\/female-foot\/#primaryimage\",\"url\":\"https:\/\/pasqualarnella.com\/wp-content\/uploads\/2024\/02\/FEMALE-FOOT-P-1.jpg\",\"contentUrl\":\"https:\/\/pasqualarnella.com\/wp-content\/uploads\/2024\/02\/FEMALE-FOOT-P-1.jpg\",\"width\":914,\"height\":1371},{\"@type\":\"BreadcrumbList\",\"@id\":\"https:\/\/pasqualarnella.com\/product\/female-foot\/#breadcrumb\",\"itemListElement\":[{\"@type\":\"ListItem\",\"position\":1,\"name\":\"Home\",\"item\":\"https:\/\/pasqualarnella.com\/\"},{\"@type\":\"ListItem\",\"position\":2,\"name\":\"Tienda\",\"item\":\"https:\/\/pasqualarnella.com\/es\/?page_id=5534\"},{\"@type\":\"ListItem\",\"position\":3,\"name\":\"COLLECTIONS\",\"item\":\"https:\/\/pasqualarnella.com\/collection\/collections\/\"},{\"@type\":\"ListItem\",\"position\":4,\"name\":\"LEGS &amp; FOOT DISPLAYS\",\"item\":\"https:\/\/pasqualarnella.com\/collection\/legs-foot-displays\/\"},{\"@type\":\"ListItem\",\"position\":5,\"name\":\"FEMALE FOOT\"}]},{\"@type\":\"WebSite\",\"@id\":\"https:\/\/pasqualarnella.com\/#website\",\"url\":\"https:\/\/pasqualarnella.com\/\",\"name\":\"PasqualArnella\",\"description\":\"\",\"publisher\":{\"@id\":\"https:\/\/pasqualarnella.com\/#organization\"},\"potentialAction\":[{\"@type\":\"SearchAction\",\"target\":{\"@type\":\"EntryPoint\",\"urlTemplate\":\"https:\/\/pasqualarnella.com\/?s={search_term_string}\"},\"query-input\":{\"@type\":\"PropertyValueSpecification\",\"valueRequired\":true,\"valueName\":\"search_term_string\"}}],\"inLanguage\":\"es\"},{\"@type\":\"Organization\",\"@id\":\"https:\/\/pasqualarnella.com\/#organization\",\"name\":\"PasqualArnella\",\"url\":\"https:\/\/pasqualarnella.com\/\",\"logo\":{\"@type\":\"ImageObject\",\"inLanguage\":\"es\",\"@id\":\"https:\/\/pasqualarnella.com\/#\/schema\/logo\/image\/\",\"url\":\"https:\/\/pasqualarnella.com\/wp-content\/uploads\/2023\/04\/pasqual-arnella-logo-black.svg\",\"contentUrl\":\"https:\/\/pasqualarnella.com\/wp-content\/uploads\/2023\/04\/pasqual-arnella-logo-black.svg\",\"caption\":\"PasqualArnella\"},\"image\":{\"@id\":\"https:\/\/pasqualarnella.com\/#\/schema\/logo\/image\/\"}}]}<\/script>\n<!-- \/ Yoast SEO plugin. -->","yoast_head_json":{"title":"FEMALE FOOT - PasqualArnella","robots":{"index":"index","follow":"follow","max-snippet":"max-snippet:-1","max-image-preview":"max-image-preview:large","max-video-preview":"max-video-preview:-1"},"canonical":"https:\/\/pasqualarnella.com\/product\/female-foot\/","og_locale":"es_ES","og_type":"article","og_title":"FEMALE FOOT - PasqualArnella","og_description":"PIE DE MUJER Nuestro pie expositor femenino es la opci\u00f3n m\u00e1s sostenible para exhibir calcetines de manera elegante y din\u00e1mica. Est\u00e1 disponible en diferentes alturas y dispone de im\u00e1n y base para mayor estabilidad. Es un pie derecho y puede utilizarse con nuestro disco de metal como base o colocarse directamente sobre una superficie met\u00e1lica. [&hellip;]","og_url":"https:\/\/pasqualarnella.com\/product\/female-foot\/","og_site_name":"PasqualArnella","article_modified_time":"2026-02-12T10:51:03+00:00","og_image":[{"width":914,"height":1371,"url":"https:\/\/pasqualarnella.com\/wp-content\/uploads\/2024\/02\/FEMALE-FOOT-P-1.jpg","type":"image\/jpeg"}],"twitter_card":"summary_large_image","twitter_misc":{"Tiempo de lectura":"1 minuto"},"schema":{"@context":"https:\/\/schema.org","@graph":[{"@type":"WebPage","@id":"https:\/\/pasqualarnella.com\/product\/female-foot\/","url":"https:\/\/pasqualarnella.com\/product\/female-foot\/","name":"FEMALE FOOT - PasqualArnella","isPartOf":{"@id":"https:\/\/pasqualarnella.com\/#website"},"primaryImageOfPage":{"@id":"https:\/\/pasqualarnella.com\/product\/female-foot\/#primaryimage"},"image":{"@id":"https:\/\/pasqualarnella.com\/product\/female-foot\/#primaryimage"},"thumbnailUrl":"https:\/\/pasqualarnella.com\/wp-content\/uploads\/2024\/02\/FEMALE-FOOT-P-1.jpg","datePublished":"2024-02-12T09:20:45+00:00","dateModified":"2026-02-12T10:51:03+00:00","breadcrumb":{"@id":"https:\/\/pasqualarnella.com\/product\/female-foot\/#breadcrumb"},"inLanguage":"es","potentialAction":[{"@type":"ReadAction","target":["https:\/\/pasqualarnella.com\/product\/female-foot\/"]}]},{"@type":"ImageObject","inLanguage":"es","@id":"https:\/\/pasqualarnella.com\/product\/female-foot\/#primaryimage","url":"https:\/\/pasqualarnella.com\/wp-content\/uploads\/2024\/02\/FEMALE-FOOT-P-1.jpg","contentUrl":"https:\/\/pasqualarnella.com\/wp-content\/uploads\/2024\/02\/FEMALE-FOOT-P-1.jpg","width":914,"height":1371},{"@type":"BreadcrumbList","@id":"https:\/\/pasqualarnella.com\/product\/female-foot\/#breadcrumb","itemListElement":[{"@type":"ListItem","position":1,"name":"Home","item":"https:\/\/pasqualarnella.com\/"},{"@type":"ListItem","position":2,"name":"Tienda","item":"https:\/\/pasqualarnella.com\/es\/?page_id=5534"},{"@type":"ListItem","position":3,"name":"COLLECTIONS","item":"https:\/\/pasqualarnella.com\/collection\/collections\/"},{"@type":"ListItem","position":4,"name":"LEGS &amp; FOOT DISPLAYS","item":"https:\/\/pasqualarnella.com\/collection\/legs-foot-displays\/"},{"@type":"ListItem","position":5,"name":"FEMALE FOOT"}]},{"@type":"WebSite","@id":"https:\/\/pasqualarnella.com\/#website","url":"https:\/\/pasqualarnella.com\/","name":"PasqualArnella","description":"","publisher":{"@id":"https:\/\/pasqualarnella.com\/#organization"},"potentialAction":[{"@type":"SearchAction","target":{"@type":"EntryPoint","urlTemplate":"https:\/\/pasqualarnella.com\/?s={search_term_string}"},"query-input":{"@type":"PropertyValueSpecification","valueRequired":true,"valueName":"search_term_string"}}],"inLanguage":"es"},{"@type":"Organization","@id":"https:\/\/pasqualarnella.com\/#organization","name":"PasqualArnella","url":"https:\/\/pasqualarnella.com\/","logo":{"@type":"ImageObject","inLanguage":"es","@id":"https:\/\/pasqualarnella.com\/#\/schema\/logo\/image\/","url":"https:\/\/pasqualarnella.com\/wp-content\/uploads\/2023\/04\/pasqual-arnella-logo-black.svg","contentUrl":"https:\/\/pasqualarnella.com\/wp-content\/uploads\/2023\/04\/pasqual-arnella-logo-black.svg","caption":"PasqualArnella"},"image":{"@id":"https:\/\/pasqualarnella.com\/#\/schema\/logo\/image\/"}}]}},"_links":{"self":[{"href":"https:\/\/pasqualarnella.com\/es\/wp-json\/wp\/v2\/product\/5666","targetHints":{"allow":["GET"]}}],"collection":[{"href":"https:\/\/pasqualarnella.com\/es\/wp-json\/wp\/v2\/product"}],"about":[{"href":"https:\/\/pasqualarnella.com\/es\/wp-json\/wp\/v2\/types\/product"}],"replies":[{"embeddable":true,"href":"https:\/\/pasqualarnella.com\/es\/wp-json\/wp\/v2\/comments?post=5666"}],"version-history":[{"count":3,"href":"https:\/\/pasqualarnella.com\/es\/wp-json\/wp\/v2\/product\/5666\/revisions"}],"predecessor-version":[{"id":7787,"href":"https:\/\/pasqualarnella.com\/es\/wp-json\/wp\/v2\/product\/5666\/revisions\/7787"}],"wp:featuredmedia":[{"embeddable":true,"href":"https:\/\/pasqualarnella.com\/es\/wp-json\/wp\/v2\/media\/7777"}],"wp:attachment":[{"href":"https:\/\/pasqualarnella.com\/es\/wp-json\/wp\/v2\/media?parent=5666"}],"wp:term":[{"taxonomy":"product_brand","embeddable":true,"href":"https:\/\/pasqualarnella.com\/es\/wp-json\/wp\/v2\/product_brand?post=5666"},{"taxonomy":"product_cat","embeddable":true,"href":"https:\/\/pasqualarnella.com\/es\/wp-json\/wp\/v2\/product_cat?post=5666"},{"taxonomy":"product_tag","embeddable":true,"href":"https:\/\/pasqualarnella.com\/es\/wp-json\/wp\/v2\/product_tag?post=5666"},{"taxonomy":"gender-identity","embeddable":true,"href":"https:\/\/pasqualarnella.com\/es\/wp-json\/wp\/v2\/gender-identity?post=5666"},{"taxonomy":"collection","embeddable":true,"href":"https:\/\/pasqualarnella.com\/es\/wp-json\/wp\/v2\/collection?post=5666"},{"taxonomy":"pascual-arnella-tags","embeddable":true,"href":"https:\/\/pasqualarnella.com\/es\/wp-json\/wp\/v2\/pascual-arnella-tags?post=5666"}],"curies":[{"name":"wp","href":"https:\/\/api.w.org\/{rel}","templated":true}]}}