{"id":6307,"date":"2025-02-26T14:04:46","date_gmt":"2025-02-26T14:04:46","guid":{"rendered":"https:\/\/pascualarnella.c.wetopi.com\/product\/egg-head\/"},"modified":"2025-06-16T09:39:38","modified_gmt":"2025-06-16T09:39:38","slug":"egg-head","status":"publish","type":"product","link":"https:\/\/pasqualarnella.com\/es\/product\/egg-head\/","title":{"rendered":"EGG HEAD"},"content":{"rendered":"<p><b>CABEZA EXPOSITOR ESTILO\u00a0<\/b><b><i>HUEVO<\/i><\/b><\/p>\n<p><span style=\"font-weight: 400;\">Cabeza de maniqu\u00ed con forma de huevo.<br \/>\n<\/span><span style=\"font-family: -apple-system, BlinkMacSystemFont, 'Segoe UI', Roboto, 'Helvetica Neue', Arial, 'Noto Sans', sans-serif, 'Apple Color Emoji', 'Segoe UI Emoji', 'Segoe UI Symbol', 'Noto Color Emoji';\">Perfecta para exponer sombreros, gorros, gorras y otros accesorios. Fabricada con pasta de papel reciclado, aporta un toque ecol\u00f3gico y c\u00e1lido mientras que la base de metal asegura durabilidad y estabilidad.<br \/>\n<\/span><span style=\"font-family: -apple-system, BlinkMacSystemFont, 'Segoe UI', Roboto, 'Helvetica Neue', Arial, 'Noto Sans', sans-serif, 'Apple Color Emoji', 'Segoe UI Emoji', 'Segoe UI Symbol', 'Noto Color Emoji';\">Disponible en dos tama\u00f1os para adaptarse a tus necesidades, este expositor combina dise\u00f1o moderno con sostenibilidad.<\/span><\/p>\n<ul>\n<li style=\"font-weight: 400;\" aria-level=\"1\"><span style=\"font-weight: 400;\">Hecho con pasta de papel a partir de papel y cart\u00f3n reciclados.<\/span><\/li>\n<li style=\"font-weight: 400;\" aria-level=\"1\"><span style=\"font-weight: 400;\">Fabricado en Barcelona.<\/span><\/li>\n<\/ul>\n","protected":false},"excerpt":{"rendered":"<p>CABEZA EXPOSITOR ESTILO\u00a0HUEVO Cabeza de maniqu\u00ed con forma de huevo. Perfecta para exponer sombreros, gorros, gorras y otros accesorios. Fabricada con pasta de papel reciclado, aporta un toque ecol\u00f3gico y c\u00e1lido mientras que la base de metal asegura durabilidad y estabilidad. Disponible en dos tama\u00f1os para adaptarse a tus necesidades, este expositor combina dise\u00f1o moderno [&hellip;]<\/p>\n","protected":false},"featured_media":5759,"comment_status":"open","ping_status":"closed","template":"","meta":{"_jet_sm_ready_style":"","_jet_sm_style":"","_jet_sm_controls_values":"","_jet_sm_fonts_collection":"","_jet_sm_fonts_links":""},"product_brand":[],"product_cat":[129],"product_tag":[],"gender-identity":[228,229,230],"collection":[144],"pascual-arnella-tags":[],"class_list":{"0":"post-6307","1":"product","2":"type-product","3":"status-publish","4":"has-post-thumbnail","6":"gender-identity-hombre","7":"gender-identity-mujer","8":"gender-identity-unisex","9":"collection-cabezas-y-accesorios","11":"first","12":"instock","13":"shipping-taxable","14":"product-type-simple"},"yoast_head":"<!-- This site is optimized with the Yoast SEO plugin v27.0 - https:\/\/yoast.com\/product\/yoast-seo-wordpress\/ -->\n<title>EGG HEAD - PasqualArnella<\/title>\n<meta name=\"robots\" content=\"index, follow, max-snippet:-1, max-image-preview:large, max-video-preview:-1\" \/>\n<link rel=\"canonical\" href=\"https:\/\/pasqualarnella.com\/product\/egg-head\/\" \/>\n<meta property=\"og:locale\" content=\"es_ES\" \/>\n<meta property=\"og:type\" content=\"article\" \/>\n<meta property=\"og:title\" content=\"EGG HEAD - PasqualArnella\" \/>\n<meta property=\"og:description\" content=\"CABEZA EXPOSITOR ESTILO\u00a0HUEVO Cabeza de maniqu\u00ed con forma de huevo. Perfecta para exponer sombreros, gorros, gorras y otros accesorios. Fabricada con pasta de papel reciclado, aporta un toque ecol\u00f3gico y c\u00e1lido mientras que la base de metal asegura durabilidad y estabilidad. Disponible en dos tama\u00f1os para adaptarse a tus necesidades, este expositor combina dise\u00f1o moderno [&hellip;]\" \/>\n<meta property=\"og:url\" content=\"https:\/\/pasqualarnella.com\/product\/egg-head\/\" \/>\n<meta property=\"og:site_name\" content=\"PasqualArnella\" \/>\n<meta property=\"article:modified_time\" content=\"2025-06-16T09:39:38+00:00\" \/>\n<meta property=\"og:image\" content=\"https:\/\/pasqualarnella.com\/wp-content\/uploads\/2025\/02\/egg-head-01.jpg.webp\" \/>\n\t<meta property=\"og:image:width\" content=\"1200\" \/>\n\t<meta property=\"og:image:height\" content=\"1800\" \/>\n\t<meta property=\"og:image:type\" content=\"image\/webp\" \/>\n<meta name=\"twitter:card\" content=\"summary_large_image\" \/>\n<meta name=\"twitter:label1\" content=\"Tiempo de lectura\" \/>\n\t<meta name=\"twitter:data1\" content=\"1 minuto\" \/>\n<script type=\"application\/ld+json\" class=\"yoast-schema-graph\">{\"@context\":\"https:\/\/schema.org\",\"@graph\":[{\"@type\":\"WebPage\",\"@id\":\"https:\/\/pasqualarnella.com\/product\/egg-head\/\",\"url\":\"https:\/\/pasqualarnella.com\/product\/egg-head\/\",\"name\":\"EGG HEAD - PasqualArnella\",\"isPartOf\":{\"@id\":\"https:\/\/pasqualarnella.com\/#website\"},\"primaryImageOfPage\":{\"@id\":\"https:\/\/pasqualarnella.com\/product\/egg-head\/#primaryimage\"},\"image\":{\"@id\":\"https:\/\/pasqualarnella.com\/product\/egg-head\/#primaryimage\"},\"thumbnailUrl\":\"https:\/\/pasqualarnella.com\/wp-content\/uploads\/2025\/02\/egg-head-01.jpg.webp\",\"datePublished\":\"2025-02-26T14:04:46+00:00\",\"dateModified\":\"2025-06-16T09:39:38+00:00\",\"breadcrumb\":{\"@id\":\"https:\/\/pasqualarnella.com\/product\/egg-head\/#breadcrumb\"},\"inLanguage\":\"es\",\"potentialAction\":[{\"@type\":\"ReadAction\",\"target\":[\"https:\/\/pasqualarnella.com\/product\/egg-head\/\"]}]},{\"@type\":\"ImageObject\",\"inLanguage\":\"es\",\"@id\":\"https:\/\/pasqualarnella.com\/product\/egg-head\/#primaryimage\",\"url\":\"https:\/\/pasqualarnella.com\/wp-content\/uploads\/2025\/02\/egg-head-01.jpg.webp\",\"contentUrl\":\"https:\/\/pasqualarnella.com\/wp-content\/uploads\/2025\/02\/egg-head-01.jpg.webp\",\"width\":1200,\"height\":1800},{\"@type\":\"BreadcrumbList\",\"@id\":\"https:\/\/pasqualarnella.com\/product\/egg-head\/#breadcrumb\",\"itemListElement\":[{\"@type\":\"ListItem\",\"position\":1,\"name\":\"Home\",\"item\":\"https:\/\/pasqualarnella.com\/\"},{\"@type\":\"ListItem\",\"position\":2,\"name\":\"Tienda\",\"item\":\"https:\/\/pasqualarnella.com\/es\/?page_id=5534\"},{\"@type\":\"ListItem\",\"position\":3,\"name\":\"COLLECTIONS\",\"item\":\"https:\/\/pasqualarnella.com\/collection\/collections\/\"},{\"@type\":\"ListItem\",\"position\":4,\"name\":\"HEADS &amp; PROPS\",\"item\":\"https:\/\/pasqualarnella.com\/collection\/heads-props\/\"},{\"@type\":\"ListItem\",\"position\":5,\"name\":\"EGG HEAD\"}]},{\"@type\":\"WebSite\",\"@id\":\"https:\/\/pasqualarnella.com\/#website\",\"url\":\"https:\/\/pasqualarnella.com\/\",\"name\":\"PasqualArnella\",\"description\":\"\",\"publisher\":{\"@id\":\"https:\/\/pasqualarnella.com\/#organization\"},\"potentialAction\":[{\"@type\":\"SearchAction\",\"target\":{\"@type\":\"EntryPoint\",\"urlTemplate\":\"https:\/\/pasqualarnella.com\/?s={search_term_string}\"},\"query-input\":{\"@type\":\"PropertyValueSpecification\",\"valueRequired\":true,\"valueName\":\"search_term_string\"}}],\"inLanguage\":\"es\"},{\"@type\":\"Organization\",\"@id\":\"https:\/\/pasqualarnella.com\/#organization\",\"name\":\"PasqualArnella\",\"url\":\"https:\/\/pasqualarnella.com\/\",\"logo\":{\"@type\":\"ImageObject\",\"inLanguage\":\"es\",\"@id\":\"https:\/\/pasqualarnella.com\/#\/schema\/logo\/image\/\",\"url\":\"https:\/\/pasqualarnella.com\/wp-content\/uploads\/2023\/04\/pasqual-arnella-logo-black.svg\",\"contentUrl\":\"https:\/\/pasqualarnella.com\/wp-content\/uploads\/2023\/04\/pasqual-arnella-logo-black.svg\",\"caption\":\"PasqualArnella\"},\"image\":{\"@id\":\"https:\/\/pasqualarnella.com\/#\/schema\/logo\/image\/\"}}]}<\/script>\n<!-- \/ Yoast SEO plugin. -->","yoast_head_json":{"title":"EGG HEAD - PasqualArnella","robots":{"index":"index","follow":"follow","max-snippet":"max-snippet:-1","max-image-preview":"max-image-preview:large","max-video-preview":"max-video-preview:-1"},"canonical":"https:\/\/pasqualarnella.com\/product\/egg-head\/","og_locale":"es_ES","og_type":"article","og_title":"EGG HEAD - PasqualArnella","og_description":"CABEZA EXPOSITOR ESTILO\u00a0HUEVO Cabeza de maniqu\u00ed con forma de huevo. Perfecta para exponer sombreros, gorros, gorras y otros accesorios. Fabricada con pasta de papel reciclado, aporta un toque ecol\u00f3gico y c\u00e1lido mientras que la base de metal asegura durabilidad y estabilidad. Disponible en dos tama\u00f1os para adaptarse a tus necesidades, este expositor combina dise\u00f1o moderno [&hellip;]","og_url":"https:\/\/pasqualarnella.com\/product\/egg-head\/","og_site_name":"PasqualArnella","article_modified_time":"2025-06-16T09:39:38+00:00","og_image":[{"width":1200,"height":1800,"url":"https:\/\/pasqualarnella.com\/wp-content\/uploads\/2025\/02\/egg-head-01.jpg.webp","type":"image\/webp"}],"twitter_card":"summary_large_image","twitter_misc":{"Tiempo de lectura":"1 minuto"},"schema":{"@context":"https:\/\/schema.org","@graph":[{"@type":"WebPage","@id":"https:\/\/pasqualarnella.com\/product\/egg-head\/","url":"https:\/\/pasqualarnella.com\/product\/egg-head\/","name":"EGG HEAD - PasqualArnella","isPartOf":{"@id":"https:\/\/pasqualarnella.com\/#website"},"primaryImageOfPage":{"@id":"https:\/\/pasqualarnella.com\/product\/egg-head\/#primaryimage"},"image":{"@id":"https:\/\/pasqualarnella.com\/product\/egg-head\/#primaryimage"},"thumbnailUrl":"https:\/\/pasqualarnella.com\/wp-content\/uploads\/2025\/02\/egg-head-01.jpg.webp","datePublished":"2025-02-26T14:04:46+00:00","dateModified":"2025-06-16T09:39:38+00:00","breadcrumb":{"@id":"https:\/\/pasqualarnella.com\/product\/egg-head\/#breadcrumb"},"inLanguage":"es","potentialAction":[{"@type":"ReadAction","target":["https:\/\/pasqualarnella.com\/product\/egg-head\/"]}]},{"@type":"ImageObject","inLanguage":"es","@id":"https:\/\/pasqualarnella.com\/product\/egg-head\/#primaryimage","url":"https:\/\/pasqualarnella.com\/wp-content\/uploads\/2025\/02\/egg-head-01.jpg.webp","contentUrl":"https:\/\/pasqualarnella.com\/wp-content\/uploads\/2025\/02\/egg-head-01.jpg.webp","width":1200,"height":1800},{"@type":"BreadcrumbList","@id":"https:\/\/pasqualarnella.com\/product\/egg-head\/#breadcrumb","itemListElement":[{"@type":"ListItem","position":1,"name":"Home","item":"https:\/\/pasqualarnella.com\/"},{"@type":"ListItem","position":2,"name":"Tienda","item":"https:\/\/pasqualarnella.com\/es\/?page_id=5534"},{"@type":"ListItem","position":3,"name":"COLLECTIONS","item":"https:\/\/pasqualarnella.com\/collection\/collections\/"},{"@type":"ListItem","position":4,"name":"HEADS &amp; PROPS","item":"https:\/\/pasqualarnella.com\/collection\/heads-props\/"},{"@type":"ListItem","position":5,"name":"EGG HEAD"}]},{"@type":"WebSite","@id":"https:\/\/pasqualarnella.com\/#website","url":"https:\/\/pasqualarnella.com\/","name":"PasqualArnella","description":"","publisher":{"@id":"https:\/\/pasqualarnella.com\/#organization"},"potentialAction":[{"@type":"SearchAction","target":{"@type":"EntryPoint","urlTemplate":"https:\/\/pasqualarnella.com\/?s={search_term_string}"},"query-input":{"@type":"PropertyValueSpecification","valueRequired":true,"valueName":"search_term_string"}}],"inLanguage":"es"},{"@type":"Organization","@id":"https:\/\/pasqualarnella.com\/#organization","name":"PasqualArnella","url":"https:\/\/pasqualarnella.com\/","logo":{"@type":"ImageObject","inLanguage":"es","@id":"https:\/\/pasqualarnella.com\/#\/schema\/logo\/image\/","url":"https:\/\/pasqualarnella.com\/wp-content\/uploads\/2023\/04\/pasqual-arnella-logo-black.svg","contentUrl":"https:\/\/pasqualarnella.com\/wp-content\/uploads\/2023\/04\/pasqual-arnella-logo-black.svg","caption":"PasqualArnella"},"image":{"@id":"https:\/\/pasqualarnella.com\/#\/schema\/logo\/image\/"}}]}},"_links":{"self":[{"href":"https:\/\/pasqualarnella.com\/es\/wp-json\/wp\/v2\/product\/6307","targetHints":{"allow":["GET"]}}],"collection":[{"href":"https:\/\/pasqualarnella.com\/es\/wp-json\/wp\/v2\/product"}],"about":[{"href":"https:\/\/pasqualarnella.com\/es\/wp-json\/wp\/v2\/types\/product"}],"replies":[{"embeddable":true,"href":"https:\/\/pasqualarnella.com\/es\/wp-json\/wp\/v2\/comments?post=6307"}],"version-history":[{"count":5,"href":"https:\/\/pasqualarnella.com\/es\/wp-json\/wp\/v2\/product\/6307\/revisions"}],"predecessor-version":[{"id":7953,"href":"https:\/\/pasqualarnella.com\/es\/wp-json\/wp\/v2\/product\/6307\/revisions\/7953"}],"wp:featuredmedia":[{"embeddable":true,"href":"https:\/\/pasqualarnella.com\/es\/wp-json\/wp\/v2\/media\/5759"}],"wp:attachment":[{"href":"https:\/\/pasqualarnella.com\/es\/wp-json\/wp\/v2\/media?parent=6307"}],"wp:term":[{"taxonomy":"product_brand","embeddable":true,"href":"https:\/\/pasqualarnella.com\/es\/wp-json\/wp\/v2\/product_brand?post=6307"},{"taxonomy":"product_cat","embeddable":true,"href":"https:\/\/pasqualarnella.com\/es\/wp-json\/wp\/v2\/product_cat?post=6307"},{"taxonomy":"product_tag","embeddable":true,"href":"https:\/\/pasqualarnella.com\/es\/wp-json\/wp\/v2\/product_tag?post=6307"},{"taxonomy":"gender-identity","embeddable":true,"href":"https:\/\/pasqualarnella.com\/es\/wp-json\/wp\/v2\/gender-identity?post=6307"},{"taxonomy":"collection","embeddable":true,"href":"https:\/\/pasqualarnella.com\/es\/wp-json\/wp\/v2\/collection?post=6307"},{"taxonomy":"pascual-arnella-tags","embeddable":true,"href":"https:\/\/pasqualarnella.com\/es\/wp-json\/wp\/v2\/pascual-arnella-tags?post=6307"}],"curies":[{"name":"wp","href":"https:\/\/api.w.org\/{rel}","templated":true}]}}